{"id":14609,"date":"2019-08-06T18:53:49","date_gmt":"2019-08-06T18:53:49","guid":{"rendered":"https:\/\/corazonanimal.com.mx\/?page_id=14609"},"modified":"2020-05-08T10:17:41","modified_gmt":"2020-05-08T10:17:41","slug":"que-hacemos","status":"publish","type":"page","link":"https:\/\/corazonanimal.com.mx\/es_mx\/que-hacemos\/","title":{"rendered":"Que hacemos"},"content":{"rendered":"<div id=\"cmsmasters_row_lcq23t5gr\" class=\"cmsmasters_row cmsmasters_color_scheme_default cmsmasters_row_top_default cmsmasters_row_bot_default cmsmasters_row_boxed\">\n<div class=\"cmsmasters_row_outer_parent\">\n<div class=\"cmsmasters_row_outer\">\n<div class=\"cmsmasters_row_inner\">\n<div class=\"cmsmasters_row_margin\">\n<div id=\"cmsmasters_column_qlbrf5hfx\" class=\"cmsmasters_column one_first\">\n<div class=\"cmsmasters_column_inner\"><div id=\"cmsmasters_divider_ap7u8bz1ui\" class=\"cl\"><\/div>\n<\/div><\/div>\n<\/div>\n<\/div>\n<\/div>\n<\/div>\n<\/div>\n<div id=\"cmsmasters_row_d9rjhljp7\" class=\"cmsmasters_row cmsmasters_color_scheme_default cmsmasters_row_top_default cmsmasters_row_bot_default cmsmasters_row_boxed\">\n<div class=\"cmsmasters_row_outer_parent\">\n<div class=\"cmsmasters_row_outer\">\n<div class=\"cmsmasters_row_inner\">\n<div class=\"cmsmasters_row_margin\">\n<div id=\"cmsmasters_column_28mbrmf7xf\" class=\"cmsmasters_column one_half\" data-animation=\"fadeInUpBig\" data-delay=\"0\">\n<div class=\"cmsmasters_column_inner\"><div class=\"cmsmasters_text\" data-animation=\"fadeInRight\" data-delay=\"0\">\n<p style=\"text-align: justify;\"><span style=\"font-size: 20pt;\">Al acoger a un animal, le otorgamos la oportunidad de vivir dignamente ofreci\u00e9ndole atenci\u00f3n m\u00e9dica como elemento prioritario, un espacio limpio y seguro en el refugio,adem\u00e1s de su alimentaci\u00f3n diaria, pero sobre todo AMOR, condiciones que quiz\u00e1 sean nuevas para ellos.<\/span><\/p>\n<\/div>\n<\/div><\/div>\n<div id=\"cmsmasters_column_7nkxisjjyc\" class=\"cmsmasters_column one_half\" data-animation=\"fadeInDown\">\n<div class=\"cmsmasters_column_inner\"><div class=\"cmsmasters_img  cmsmasters_image_n\"><img decoding=\"async\" src=\"https:\/\/corazonanimal.com.mx\/wp-content\/uploads\/2020\/01\/IMG-20191123-WA0072.jpg\" \/><\/div>\n<\/div><\/div>\n<\/div>\n<\/div>\n<\/div>\n<\/div>\n<\/div>\n<div id=\"cmsmasters_row_84yq2h87p9\" class=\"cmsmasters_row cmsmasters_color_scheme_default cmsmasters_row_top_default cmsmasters_row_bot_default cmsmasters_row_boxed\">\n<div class=\"cmsmasters_row_outer_parent\">\n<div class=\"cmsmasters_row_outer\">\n<div class=\"cmsmasters_row_inner\">\n<div class=\"cmsmasters_row_margin\">\n<div id=\"cmsmasters_column_3rd0nd88sp\" class=\"cmsmasters_column one_third\" data-animation=\"flipInX\" data-delay=\"0\">\n<div class=\"cmsmasters_column_inner\"><div class=\"cmsmasters_img  cmsmasters_image_n\"><a href=\"https:\/\/corazonanimal.com.mx\/denuncia-al-centro-de-control-animal\/\"><img decoding=\"async\" src=\"https:\/\/corazonanimal.com.mx\/wp-content\/uploads\/2020\/04\/ugyuguy.jpg\" \/><\/a><\/div>\n<\/div><\/div>\n<div id=\"cmsmasters_column_plthbph77h\" class=\"cmsmasters_column one_third\" data-animation=\"flipInX\">\n<div class=\"cmsmasters_column_inner\"><div class=\"cmsmasters_img  cmsmasters_image_n\"><a href=\"https:\/\/corazonanimal.com.mx\/es_mx\/por-que-adoptar\/\"><img decoding=\"async\" src=\"https:\/\/corazonanimal.com.mx\/wp-content\/uploads\/2020\/04\/45g5g54.jpg\" \/><\/a><\/div>\n<\/div><\/div>\n<div id=\"cmsmasters_column_r82q2xdydd\" class=\"cmsmasters_column one_third\" data-animation=\"flipInX\">\n<div class=\"cmsmasters_column_inner\"><div class=\"cmsmasters_img  cmsmasters_image_n\"><a href=\"https:\/\/corazonanimal.com.mx\/es_mx\/campanas-de-esterilizacion\/\"><img decoding=\"async\" src=\"https:\/\/corazonanimal.com.mx\/wp-content\/uploads\/2020\/04\/ewrer3r3r4.jpg\" \/><\/a><\/div>\n<\/div><\/div>\n<\/div>\n<\/div>\n<\/div>\n<\/div>\n<\/div>\n<div id=\"cmsmasters_row_yk7grh89c\" class=\"cmsmasters_row cmsmasters_color_scheme_default cmsmasters_row_top_default cmsmasters_row_bot_default cmsmasters_row_boxed\">\n<div class=\"cmsmasters_row_outer_parent\">\n<div class=\"cmsmasters_row_outer\">\n<div class=\"cmsmasters_row_inner\">\n<div class=\"cmsmasters_row_margin\">\n<div id=\"cmsmasters_column_5dryjf3kud\" class=\"cmsmasters_column one_first\" data-animation=\"tada\" data-delay=\"0\">\n<div class=\"cmsmasters_column_inner\"><div id=\"cmsmasters_heading_fsz5c2r2xu\" class=\"cmsmasters_heading_wrap cmsmasters_heading_align_center\">\n\t<h4 class=\"cmsmasters_heading\"><a href=\"http:\/\/whiskers.cmsmasters.net\/contacts\/\">SALVA VIDAS Y DALES UNA ESPERANZA A ESTOS PEQUE\u00d1OS<\/a><\/h4>\n<\/div>\n<\/div><\/div>\n<\/div>\n<\/div>\n<\/div>\n<\/div>\n<\/div>\n<div id=\"cmsmasters_row_xt38gu17h\" class=\"cmsmasters_row cmsmasters_color_scheme_default cmsmasters_row_top_default cmsmasters_row_bot_default cmsmasters_row_fullwidth\">\n<div class=\"cmsmasters_row_outer_parent\">\n<div class=\"cmsmasters_row_outer\">\n<div class=\"cmsmasters_row_inner cmsmasters_row_fullwidth\">\n<div class=\"cmsmasters_row_margin\">\n<div id=\"cmsmasters_column_31781ctw0r\" class=\"cmsmasters_column one_first\">\n<div class=\"cmsmasters_column_inner\"><div id=\"cmsmasters_divider_9h2sa1turk\" class=\"cmsmasters_divider cmsmasters_divider_width_long cmsmasters_divider_pos_center\"><\/div>\n<\/div><\/div>\n<\/div>\n<\/div>\n<\/div>\n<\/div>\n<\/div>\n<div id=\"cmsmasters_row_ikk1q9jk98\" class=\"cmsmasters_row cmsmasters_color_scheme_first cmsmasters_row_top_default cmsmasters_row_bot_default cmsmasters_row_boxed\">\n<div class=\"cmsmasters_row_outer_parent\">\n<div class=\"cmsmasters_row_outer\">\n<div class=\"cmsmasters_row_inner\">\n<div class=\"cmsmasters_row_margin\">\n<div id=\"cmsmasters_column_4zgdqmlrvl\" class=\"cmsmasters_column one_first\" data-animation=\"fadeInUp\" data-delay=\"0\">\n<div class=\"cmsmasters_column_inner\"><div id=\"featured_campaign_i243r2j0r\" class=\"cmsmasters_featured_campaign\">\n<!-- Start Vertical Campaign -->\r\n<article id=\"post-10838\" class=\"post-10838 campaign type-campaign status-publish has-post-thumbnail hentry cp-categs-campanas cp-tags-campana cp-tags-donaciones\">\r\n\t<div class=\"cmsmasters_campaign_wrap_img\"><figure class=\"cmsmasters_img_rollover_wrap preloader\"><img loading=\"lazy\" decoding=\"async\" width=\"500\" height=\"500\" src=\"https:\/\/corazonanimal.com.mx\/wp-content\/uploads\/2018\/02\/43t43t-500x500.jpg\" class=\"full-width wp-post-image\" alt=\"Donaci\u00f3n \u00fanica o recurrente\" title=\"43t43t\" srcset=\"https:\/\/corazonanimal.com.mx\/wp-content\/uploads\/2018\/02\/43t43t-60x60.jpg 60w, https:\/\/corazonanimal.com.mx\/wp-content\/uploads\/2018\/02\/43t43t-100x100.jpg 100w, https:\/\/corazonanimal.com.mx\/wp-content\/uploads\/2018\/02\/43t43t-150x150.jpg 150w, https:\/\/corazonanimal.com.mx\/wp-content\/uploads\/2018\/02\/43t43t-300x300.jpg 300w, https:\/\/corazonanimal.com.mx\/wp-content\/uploads\/2018\/02\/43t43t-500x500.jpg 500w, https:\/\/corazonanimal.com.mx\/wp-content\/uploads\/2018\/02\/43t43t-540x540.jpg 540w, https:\/\/corazonanimal.com.mx\/wp-content\/uploads\/2018\/02\/43t43t-580x580.jpg 580w, https:\/\/corazonanimal.com.mx\/wp-content\/uploads\/2018\/02\/43t43t-600x600.jpg 600w, https:\/\/corazonanimal.com.mx\/wp-content\/uploads\/2018\/02\/43t43t-768x768.jpg 768w, https:\/\/corazonanimal.com.mx\/wp-content\/uploads\/2018\/02\/43t43t.jpg 800w\" sizes=\"(max-width: 500px) 100vw, 500px\" \/><div class=\"cmsmasters_img_rollover\"><a href=\"https:\/\/corazonanimal.com.mx\/es_mx\/campaign\/donacion-unica-o-recurrente\/\" title=\"Donaci\u00f3n \u00fanica o recurrente\" class=\"cmsmasters_open_post_link button\">Read more<\/a><\/div><\/figure><\/div>\t<div class=\"cmsmasters_campaign_cont\">\r\n\t\t<div class=\"cmsmasters_campaign_wrap_heading\">\r\n\t\t\t<span class=\"cmsmasters_campaign_rest_amount\">$ 2499 To Go<\/span><header class=\"cmsmasters_campaign_header entry-header\"><h2 class=\"cmsmasters_campaign_title entry-title\"><a href=\"https:\/\/corazonanimal.com.mx\/es_mx\/campaign\/donacion-unica-o-recurrente\/\">Donaci\u00f3n \u00fanica o recurrente<\/a><\/h2><\/header>\t\t<\/div>\r\n\t\t<div class=\"cmsmasters_campaign_donate_button\"><div class=\"cmsmasters_campaign_donate_button_inner\"><a class=\"button\" href=\"https:\/\/corazonanimal.com.mx\/es_mx\/confirmacion-de-donacion\/?campaign_id=10838\">Donar Ahora<\/a><\/div><\/div>\t<\/div>\r\n\t<div class=\"cmsmasters_campaign_donated_percent\"><div class=\"cmsmasters_stats stats_mode_circles stats_type_horizontal\"><div id=\"cmsmasters_stat_wrap_\" class=\"cmsmasters_stat_wrap one_first\">\n<div id=\"cmsmasters_stat_\" class=\"cmsmasters_stat\" data-percent=\"16\" data-bar-color=\"#42b0e2\">\n<div class=\"cmsmasters_stat_inner\">\n<span class=\"cmsmasters_stat_counter_wrap\">\n<span class=\"cmsmasters_stat_counter\">0<\/span><span class=\"cmsmasters_stat_units\">%<\/span>\n<\/span>\n<span class=\"cmsmasters_stat_title\">Donated<\/span>\n<\/div>\n<\/div>\n<\/div><\/div><\/div><\/article>\r\n<!-- Finish Vertical Campaign -->\r\n\r\n<\/div>\n<\/div><\/div>\n<\/div>\n<\/div>\n<\/div>\n<\/div>\n<\/div>\n<div id=\"cmsmasters_row_pm232r2cen\" class=\"cmsmasters_row cmsmasters_color_scheme_default cmsmasters_row_top_default cmsmasters_row_bot_default cmsmasters_row_boxed\">\n<div id=\"adopcion\" class=\"cmsmasters_row_outer_parent\">\n<div class=\"cmsmasters_row_outer\">\n<div class=\"cmsmasters_row_inner\">\n<div class=\"cmsmasters_row_margin\">\n<div id=\"cmsmasters_column_58eoifi6kn\" class=\"cmsmasters_column one_first\" data-animation=\"fadeInUp\" data-delay=\"0\">\n<div class=\"cmsmasters_column_inner\"><div id=\"cmsmasters_divider_ltb61xl304\" class=\"cl\"><\/div>\n<div class=\"cmsmasters_products_shortcode cmsmasters_recent_products\"><div class=\"woocommerce columns-4 \"><ul class=\"products columns-4 cmsmasters_products\"><li class=\"product type-product post-17975 status-publish first instock product_cat-uncategorized virtual purchasable product-type-simple\">\r\n\t<article class=\"cmsmasters_product\">\r\n\t\t\t\t<figure class=\"cmsmasters_product_img\">\r\n\t\t\t<a href=\"https:\/\/corazonanimal.com.mx\/es_mx\/perros\/carrera\/\">\r\n\t\t\t\t<img loading=\"lazy\" decoding=\"async\" width=\"540\" height=\"540\" src=\"https:\/\/corazonanimal.com.mx\/wp-content\/uploads\/woocommerce-placeholder-540x540.png\" class=\"woocommerce-placeholder wp-post-image\" alt=\"Marcador de posici\u00f3n\" srcset=\"https:\/\/corazonanimal.com.mx\/wp-content\/uploads\/woocommerce-placeholder-60x60.png 60w, https:\/\/corazonanimal.com.mx\/wp-content\/uploads\/woocommerce-placeholder-100x100.png 100w, https:\/\/corazonanimal.com.mx\/wp-content\/uploads\/woocommerce-placeholder-150x150.png 150w, https:\/\/corazonanimal.com.mx\/wp-content\/uploads\/woocommerce-placeholder-300x300.png 300w, https:\/\/corazonanimal.com.mx\/wp-content\/uploads\/woocommerce-placeholder-500x500.png 500w, https:\/\/corazonanimal.com.mx\/wp-content\/uploads\/woocommerce-placeholder-540x540.png 540w, https:\/\/corazonanimal.com.mx\/wp-content\/uploads\/woocommerce-placeholder-580x580.png 580w, https:\/\/corazonanimal.com.mx\/wp-content\/uploads\/woocommerce-placeholder-600x600.png 600w, https:\/\/corazonanimal.com.mx\/wp-content\/uploads\/woocommerce-placeholder-768x768.png 768w, https:\/\/corazonanimal.com.mx\/wp-content\/uploads\/woocommerce-placeholder-860x860.png 860w, https:\/\/corazonanimal.com.mx\/wp-content\/uploads\/woocommerce-placeholder-1024x1024.png 1024w, https:\/\/corazonanimal.com.mx\/wp-content\/uploads\/woocommerce-placeholder-1160x1160.png 1160w, https:\/\/corazonanimal.com.mx\/wp-content\/uploads\/woocommerce-placeholder.jpg 1200w\" sizes=\"(max-width: 540px) 100vw, 540px\" \/>\t\t\t<\/a>\r\n\t\t\t\t\t<\/figure>\r\n\t\t<div class=\"cmsmasters_product_inner\">\r\n\t\t\t\t\t\t\r\n\t\t\t<div class=\"cmsmasters_product_info\">\r\n\t\t\t\n\t<span class=\"price\"><span class=\"woocommerce-Price-amount amount\"><bdi><span><span class=\"woocommerce-Price-currencySymbol\">&#36;<\/span><\/span>400.00<\/bdi><\/span><\/span>\n\t\t\t<\/div>\r\n\t\t\t<div class=\"cmsmasters_product_header_wrap\">\r\n\t\t\t\t<div class=\"cmsmasters_product_add_wrap\"><a href=\"?add-to-cart=17975\" data-product_id=\"17975\" data-product_sku=\"\" class=\"button add_to_cart_button cmsmasters_add_to_cart_button product_type_simple ajax_add_to_cart\" title=\"Add to Cart\"><span>Add to Cart<\/span><\/a><a href=\"https:\/\/corazonanimal.com.mx\/es_mx\/carrito\/\" class=\"button added_to_cart wc-forward\" title=\"View Cart\"><span>View Cart<\/span><\/a><\/div>\t\t\t\t<header class=\"cmsmasters_product_header entry-header\">\r\n\t\t\t\t\t<h5 class=\"cmsmasters_product_title entry-title\">\r\n\t\t\t\t\t\t<a href=\"https:\/\/corazonanimal.com.mx\/es_mx\/perros\/carrera\/\">Carrera<\/a>\r\n\t\t\t\t\t<\/h5>\r\n\t\t\t\t<\/header>\r\n\t\t\t<\/div>\r\n\t\t\t\r\n\t\t\t<div class=\"cmsmasters_product_cat entry-meta\"><a href=\"https:\/\/corazonanimal.com.mx\/es_mx\/product-category\/uncategorized\/\" class=\"cmsmasters_cat_color cmsmasters_cat_15\" rel=\"category tag\">Uncategorized<\/a><\/div>\t\t<\/div>\r\n\t\t\t<\/article>\r\n<\/li><li class=\"product type-product post-15802 status-publish instock product_cat-caninos product_tag-inquieto has-post-thumbnail product-type-simple\">\r\n\t<article class=\"cmsmasters_product\">\r\n\t\t\t\t<figure class=\"cmsmasters_product_img\">\r\n\t\t\t<a href=\"https:\/\/corazonanimal.com.mx\/es_mx\/perros\/alfalfa\/\">\r\n\t\t\t\t<img loading=\"lazy\" decoding=\"async\" width=\"540\" height=\"540\" src=\"https:\/\/corazonanimal.com.mx\/wp-content\/uploads\/2020\/01\/IMG-20191123-WA0057-540x540.jpg\" class=\"attachment-woocommerce_thumbnail size-woocommerce_thumbnail\" alt=\"\" srcset=\"https:\/\/corazonanimal.com.mx\/wp-content\/uploads\/2020\/01\/IMG-20191123-WA0057-60x60.jpg 60w, https:\/\/corazonanimal.com.mx\/wp-content\/uploads\/2020\/01\/IMG-20191123-WA0057-100x100.jpg 100w, https:\/\/corazonanimal.com.mx\/wp-content\/uploads\/2020\/01\/IMG-20191123-WA0057-150x150.jpg 150w, https:\/\/corazonanimal.com.mx\/wp-content\/uploads\/2020\/01\/IMG-20191123-WA0057-300x300.jpg 300w, https:\/\/corazonanimal.com.mx\/wp-content\/uploads\/2020\/01\/IMG-20191123-WA0057-500x500.jpg 500w, https:\/\/corazonanimal.com.mx\/wp-content\/uploads\/2020\/01\/IMG-20191123-WA0057-540x540.jpg 540w, https:\/\/corazonanimal.com.mx\/wp-content\/uploads\/2020\/01\/IMG-20191123-WA0057-580x580.jpg 580w, https:\/\/corazonanimal.com.mx\/wp-content\/uploads\/2020\/01\/IMG-20191123-WA0057.jpg 600w\" sizes=\"(max-width: 540px) 100vw, 540px\" \/>\t\t\t<\/a>\r\n\t\t\t\t\t<\/figure>\r\n\t\t<div class=\"cmsmasters_product_inner\">\r\n\t\t\t\t\t\t\r\n\t\t\t<div class=\"cmsmasters_product_info\">\r\n\t\t\t\n\t\t\t<\/div>\r\n\t\t\t<div class=\"cmsmasters_product_header_wrap\">\r\n\t\t\t\t\t\t\t\t<header class=\"cmsmasters_product_header entry-header\">\r\n\t\t\t\t\t<h5 class=\"cmsmasters_product_title entry-title\">\r\n\t\t\t\t\t\t<a href=\"https:\/\/corazonanimal.com.mx\/es_mx\/perros\/alfalfa\/\">ALFALFA<\/a>\r\n\t\t\t\t\t<\/h5>\r\n\t\t\t\t<\/header>\r\n\t\t\t<\/div>\r\n\t\t\t\r\n\t\t\t<div class=\"cmsmasters_product_cat entry-meta\"><a href=\"https:\/\/corazonanimal.com.mx\/es_mx\/product-category\/caninos\/\" class=\"cmsmasters_cat_color cmsmasters_cat_110\" rel=\"category tag\">CANINOS<\/a><\/div>\t\t<\/div>\r\n\t\t\t<\/article>\r\n<\/li><li class=\"product type-product post-15801 status-publish instock product_cat-caninos has-post-thumbnail product-type-simple\">\r\n\t<article class=\"cmsmasters_product\">\r\n\t\t\t\t<figure class=\"cmsmasters_product_img\">\r\n\t\t\t<a href=\"https:\/\/corazonanimal.com.mx\/es_mx\/perros\/patzy\/\">\r\n\t\t\t\t<img loading=\"lazy\" decoding=\"async\" width=\"540\" height=\"540\" src=\"https:\/\/corazonanimal.com.mx\/wp-content\/uploads\/2020\/01\/thumbnail_C3E0A8F6-19FE-4D12-BA1F-348D9A9AC873-540x540.jpg\" class=\"attachment-woocommerce_thumbnail size-woocommerce_thumbnail\" alt=\"\" srcset=\"https:\/\/corazonanimal.com.mx\/wp-content\/uploads\/2020\/01\/thumbnail_C3E0A8F6-19FE-4D12-BA1F-348D9A9AC873-60x60.jpg 60w, https:\/\/corazonanimal.com.mx\/wp-content\/uploads\/2020\/01\/thumbnail_C3E0A8F6-19FE-4D12-BA1F-348D9A9AC873-100x100.jpg 100w, https:\/\/corazonanimal.com.mx\/wp-content\/uploads\/2020\/01\/thumbnail_C3E0A8F6-19FE-4D12-BA1F-348D9A9AC873-150x150.jpg 150w, https:\/\/corazonanimal.com.mx\/wp-content\/uploads\/2020\/01\/thumbnail_C3E0A8F6-19FE-4D12-BA1F-348D9A9AC873-300x300.jpg 300w, https:\/\/corazonanimal.com.mx\/wp-content\/uploads\/2020\/01\/thumbnail_C3E0A8F6-19FE-4D12-BA1F-348D9A9AC873-500x500.jpg 500w, https:\/\/corazonanimal.com.mx\/wp-content\/uploads\/2020\/01\/thumbnail_C3E0A8F6-19FE-4D12-BA1F-348D9A9AC873-540x540.jpg 540w, https:\/\/corazonanimal.com.mx\/wp-content\/uploads\/2020\/01\/thumbnail_C3E0A8F6-19FE-4D12-BA1F-348D9A9AC873-580x580.jpg 580w, https:\/\/corazonanimal.com.mx\/wp-content\/uploads\/2020\/01\/thumbnail_C3E0A8F6-19FE-4D12-BA1F-348D9A9AC873.jpg 600w\" sizes=\"(max-width: 540px) 100vw, 540px\" \/>\t\t\t<\/a>\r\n\t\t\t\t\t<\/figure>\r\n\t\t<div class=\"cmsmasters_product_inner\">\r\n\t\t\t\t\t\t\r\n\t\t\t<div class=\"cmsmasters_product_info\">\r\n\t\t\t\n\t\t\t<\/div>\r\n\t\t\t<div class=\"cmsmasters_product_header_wrap\">\r\n\t\t\t\t\t\t\t\t<header class=\"cmsmasters_product_header entry-header\">\r\n\t\t\t\t\t<h5 class=\"cmsmasters_product_title entry-title\">\r\n\t\t\t\t\t\t<a href=\"https:\/\/corazonanimal.com.mx\/es_mx\/perros\/patzy\/\">PATZY<\/a>\r\n\t\t\t\t\t<\/h5>\r\n\t\t\t\t<\/header>\r\n\t\t\t<\/div>\r\n\t\t\t\r\n\t\t\t<div class=\"cmsmasters_product_cat entry-meta\"><a href=\"https:\/\/corazonanimal.com.mx\/es_mx\/product-category\/caninos\/\" class=\"cmsmasters_cat_color cmsmasters_cat_110\" rel=\"category tag\">CANINOS<\/a><\/div>\t\t<\/div>\r\n\t\t\t<\/article>\r\n<\/li><li class=\"product type-product post-15798 status-publish last instock product_cat-caninos product_tag-tranquila has-post-thumbnail product-type-simple\">\r\n\t<article class=\"cmsmasters_product\">\r\n\t\t\t\t<figure class=\"cmsmasters_product_img\">\r\n\t\t\t<a href=\"https:\/\/corazonanimal.com.mx\/es_mx\/perros\/cielo\/\">\r\n\t\t\t\t<img loading=\"lazy\" decoding=\"async\" width=\"540\" height=\"540\" src=\"https:\/\/corazonanimal.com.mx\/wp-content\/uploads\/2020\/01\/IMG-20191123-WA0065-540x540.jpg\" class=\"attachment-woocommerce_thumbnail size-woocommerce_thumbnail\" alt=\"\" srcset=\"https:\/\/corazonanimal.com.mx\/wp-content\/uploads\/2020\/01\/IMG-20191123-WA0065-60x60.jpg 60w, https:\/\/corazonanimal.com.mx\/wp-content\/uploads\/2020\/01\/IMG-20191123-WA0065-100x100.jpg 100w, https:\/\/corazonanimal.com.mx\/wp-content\/uploads\/2020\/01\/IMG-20191123-WA0065-150x150.jpg 150w, https:\/\/corazonanimal.com.mx\/wp-content\/uploads\/2020\/01\/IMG-20191123-WA0065-300x300.jpg 300w, https:\/\/corazonanimal.com.mx\/wp-content\/uploads\/2020\/01\/IMG-20191123-WA0065-500x500.jpg 500w, https:\/\/corazonanimal.com.mx\/wp-content\/uploads\/2020\/01\/IMG-20191123-WA0065-540x540.jpg 540w, https:\/\/corazonanimal.com.mx\/wp-content\/uploads\/2020\/01\/IMG-20191123-WA0065-580x580.jpg 580w, https:\/\/corazonanimal.com.mx\/wp-content\/uploads\/2020\/01\/IMG-20191123-WA0065.jpg 600w\" sizes=\"(max-width: 540px) 100vw, 540px\" \/>\t\t\t<\/a>\r\n\t\t\t\t\t<\/figure>\r\n\t\t<div class=\"cmsmasters_product_inner\">\r\n\t\t\t\t\t\t\r\n\t\t\t<div class=\"cmsmasters_product_info\">\r\n\t\t\t\n\t\t\t<\/div>\r\n\t\t\t<div class=\"cmsmasters_product_header_wrap\">\r\n\t\t\t\t\t\t\t\t<header class=\"cmsmasters_product_header entry-header\">\r\n\t\t\t\t\t<h5 class=\"cmsmasters_product_title entry-title\">\r\n\t\t\t\t\t\t<a href=\"https:\/\/corazonanimal.com.mx\/es_mx\/perros\/cielo\/\">CIELO<\/a>\r\n\t\t\t\t\t<\/h5>\r\n\t\t\t\t<\/header>\r\n\t\t\t<\/div>\r\n\t\t\t\r\n\t\t\t<div class=\"cmsmasters_product_cat entry-meta\"><a href=\"https:\/\/corazonanimal.com.mx\/es_mx\/product-category\/caninos\/\" class=\"cmsmasters_cat_color cmsmasters_cat_110\" rel=\"category tag\">CANINOS<\/a><\/div>\t\t<\/div>\r\n\t\t\t<\/article>\r\n<\/li><\/ul>\n<\/div><\/div>\n<div id=\"cmsmasters_divider_t7qnsvtxfd\" class=\"cl\"><\/div>\n<div id=\"cmsmasters_button_clzhf0a9a\" class=\"button_wrap\"><a href=\"https:\/\/corazonanimal.com.mx\/adopta\/\" class=\"cmsmasters_button\" data-animation=\"fadeInUp\" data-delay=\"0\"><span>Adopta<\/span><\/a><\/div>\n<\/div><\/div>\n<\/div>\n<\/div>\n<\/div>\n<\/div>\n<\/div>\n","protected":false},"excerpt":{"rendered":"","protected":false},"author":2,"featured_media":0,"parent":0,"menu_order":0,"comment_status":"closed","ping_status":"closed","template":"","meta":{"_exactmetrics_skip_tracking":false,"_exactmetrics_sitenote_active":false,"_exactmetrics_sitenote_note":"","_exactmetrics_sitenote_category":0,"_EventAllDay":false,"_EventTimezone":"","_EventStartDate":"","_EventEndDate":"","_EventStartDateUTC":"","_EventEndDateUTC":"","_EventShowMap":false,"_EventShowMapLink":false,"_EventURL":"","_EventCost":"","_EventCostDescription":"","_EventCurrencySymbol":"","_EventCurrencyCode":"","_EventCurrencyPosition":"","_EventDateTimeSeparator":"","_EventTimeRangeSeparator":"","_EventOrganizerID":[],"_EventVenueID":[],"_OrganizerEmail":"","_OrganizerPhone":"","_OrganizerWebsite":"","_VenueAddress":"","_VenueCity":"","_VenueCountry":"","_VenueProvince":"","_VenueState":"","_VenueZip":"","_VenuePhone":"","_VenueURL":"","_VenueStateProvince":"","_VenueLat":"","_VenueLng":"","_VenueShowMap":false,"_VenueShowMapLink":false,"footnotes":""},"aioseo_notices":[],"_links":{"self":[{"href":"https:\/\/corazonanimal.com.mx\/es_mx\/wp-json\/wp\/v2\/pages\/14609"}],"collection":[{"href":"https:\/\/corazonanimal.com.mx\/es_mx\/wp-json\/wp\/v2\/pages"}],"about":[{"href":"https:\/\/corazonanimal.com.mx\/es_mx\/wp-json\/wp\/v2\/types\/page"}],"author":[{"embeddable":true,"href":"https:\/\/corazonanimal.com.mx\/es_mx\/wp-json\/wp\/v2\/users\/2"}],"replies":[{"embeddable":true,"href":"https:\/\/corazonanimal.com.mx\/es_mx\/wp-json\/wp\/v2\/comments?post=14609"}],"version-history":[{"count":0,"href":"https:\/\/corazonanimal.com.mx\/es_mx\/wp-json\/wp\/v2\/pages\/14609\/revisions"}],"wp:attachment":[{"href":"https:\/\/corazonanimal.com.mx\/es_mx\/wp-json\/wp\/v2\/media?parent=14609"}],"curies":[{"name":"wp","href":"https:\/\/api.w.org\/{rel}","templated":true}]}}