{"id":14637,"date":"2019-08-12T20:47:43","date_gmt":"2019-08-12T20:47:43","guid":{"rendered":"https:\/\/corazonanimal.com.mx\/?page_id=14637"},"modified":"2020-04-06T22:04:36","modified_gmt":"2020-04-06T22:04:36","slug":"terminos-y-condiciones","status":"publish","type":"page","link":"https:\/\/corazonanimal.com.mx\/es_mx\/terminos-y-condiciones\/","title":{"rendered":"T\u00e9rminos y Condiciones"},"content":{"rendered":"<p style=\"text-align: justify;\"><strong>I. Condiciones Generales<\/strong>\r\nLos presentes t\u00e9rminos y condiciones (en adelante las \u201cCondiciones\u201d) tienen por objeto regular el acceso y uso que hagan aquellas personas f\u00edsicas o morales identificados como usuarios (en adelante indistintamente el \u201cUsuario\u201d o los \u201cUsuarios\u201d) del sitio web identificado como www.corazonanimal.com.mx propiedad de la Asociaci\u00f3n Civil Coraz\u00f3n Animal de Guanajuato. (en adelante \u201cFundaci\u00f3n Coraz\u00f3n Animal\u201d), por lo que cualquier Usuario que desee acceder y usar el Sitio Web podr\u00e1 hacerlo sujet\u00e1ndose en todo momento a las presentes Condiciones, seg\u00fan \u00e9stas puedan ser modificadas de tiempo en tiempo, que se encuentren vigentes o que en su momento sean implementados por la Fundaci\u00f3n Coraz\u00f3n Animal.<\/p>\r\n<p style=\"text-align: justify;\">Asimismo, se informa a los Usuarios que las principales actividades de Fundaci\u00f3n Coraz\u00f3n Animal en espacio digital son la de poner a disposici\u00f3n del p\u00fablico en general, a trav\u00e9s del Sitio Web, una plataforma en l\u00ednea para adopciones de los animales que habitan el Santuario de la Fundaci\u00f3n Coraz\u00f3n Animal o en su defecto el apadrinamiento de estos animales a partir de las distintas categor\u00edas propuestas para los fines de apadrinamiento, y la tercera gran actividad es el fondeo o donaci\u00f3n a la Fundaci\u00f3n Coraz\u00f3n Animal para los gastos generados en el Santuario Coraz\u00f3n Animal, sirviendo como enlace este Sitio Web para conocer m\u00e1s a detalle la labor que hace la Fundaci\u00f3n.<\/p>\r\n<p style=\"text-align: justify;\">\r\nPor lo anterior, los Usuarios reconocen y aceptan, desde este momento, que las presentes Condiciones tienen un car\u00e1cter regulatorio, y no est\u00e1n sujetas a negociaci\u00f3n o modificaci\u00f3n de ninguna \u00edndole. Por lo tanto es responsabilidad del Usuario el deber leer, entender y aceptar\r\ntodos y cada uno de los t\u00e9rminos y condiciones establecidos en las presentes Condiciones, en el Aviso de Privacidad, as\u00ed como en los dem\u00e1s documentos incorporados por referencia a los mismos, previo a su registro como Usuario del Sitio Web.<\/p>\r\n<p style=\"text-align: justify;\"><strong>II. Definiciones.<\/strong><\/p>\r\n<p style=\"text-align: justify;\">Para efectos de claridad de las presentes Condiciones, se establecen las siguientes definiciones:<\/p>\r\n\r\n<ul style=\"text-align: justify;\">\r\n \t<li>Apadrinamiento: Significa una modalidad de donaci\u00f3n que implica una suscripci\u00f3n temporal en la que la cantidad de dinero en pesos mexicanos aportada por cada donador a favor de la Asociaci\u00f3n Coraz\u00f3n Animal tiene la finalidad de subsidiar los gastos de uno o varios animales dentro del Santuario de la Asociaci\u00f3n Coraz\u00f3n Animal, la aportaci\u00f3n tambi\u00e9n se realiza a t\u00edtulo gratuito, sin mediar recibo deducible de impuestos, y utilizando los procesadores de pago en el Sitio Web.<\/li>\r\n \t<li>Comisiones de M\u00e9todos de Pago: es el cobro que realizan los m\u00e9todos de pago por cada donaci\u00f3n procesada en el Sitio Web y que responder\u00e1 en monto fijar a los soportes tecnol\u00f3gicos para procesar pagos a favor de terceros de los que disponen las instituciones bancarias u homologas.<\/li>\r\n \t<li>Condiciones: Se refiere a los presentes T\u00e9rminos y Condiciones.<\/li>\r\n \t<li>\u00a0Contracargo: Es una reclamaci\u00f3n que hace un donador directamente a trav\u00e9s de su banco al no reconocer el cargo hecho a su cuenta.<\/li>\r\n \t<li>Donaci\u00f3n: significa la aportaci\u00f3n en pesos mexicanos que realiza una persona f\u00edsica o moral a favor de la Asociaci\u00f3n Coraz\u00f3n Animal de Guanajuato a t\u00edtulo gratuito y sin mediar recibo deducible de impuestos, y que hace trav\u00e9s de los procesadores de pago con los que cuenta este Sitio Web.<\/li>\r\n \t<li>Donador: Significa el usuario que realiza una aportaci\u00f3n de manera voluntaria de determinadas cantidades de dinero en pesos mexicanos a t\u00edtulo gratuito a la Asociaci\u00f3n Coraz\u00f3n Animal.<\/li>\r\n \t<li>M\u00e9todos de Pago: Significa los medios a trav\u00e9s de los cuales los donadores podr\u00e1n realizar sus aportaciones voluntarias en el Sitio Web.\r\n&#8211; Pesos: Significa la moneda de curso legal en los Estados Unidos Mexicanos.\r\n&#8211; Reembolso: Significa la devoluci\u00f3n de la aportaci\u00f3n hecha por un donador a trav\u00e9s de los procesadores de pago con los que cuenta este Sitio Web. (s\u00f3lo es aplicable para cancelar la suscripci\u00f3n para apadrinamiento).<\/li>\r\n \t<li>Registro de Usuario: Significa el registro mediante el llenado de un formulario con informaci\u00f3n personal y bancaria que efect\u00faan los Usuarios con el fin de poder participar, como donador en el Sitio Web de la Asociaci\u00f3n Coraz\u00f3n Animal.\r\n&#8211; Sitio Web: Significa el sitio de internet\u00a0 www.corazonanimal.com.mx\r\n&#8211; Usuario: Significa toda persona f\u00edsica o moral que se registre en el Sitio Web de la Asociaci\u00f3n Coraz\u00f3n Animal.\r\n&#8211; Usuario Verificado: Es la posibilidad que tiene un usuario registrado de validar su cuenta como una cuenta verificada por la Asociaci\u00f3n Coraz\u00f3n Animal como confiable. Para esto, se establecer\u00e1 una validaci\u00f3n de informaci\u00f3n detallada consistente de manera enunciativa m\u00e1s no limitativa en: (i) nombre completo; (ii) direcci\u00f3n; (iii) tel\u00e9fono; (iv) direcci\u00f3n de correo electr\u00f3nico; (v) datos de cuentas bancarias \u00fanicamente para efectos de las donaciones o suscripciones a la modalidad a apadrinamiento.<\/li>\r\n<\/ul>\r\n<p style=\"text-align: justify;\"><strong>III. Servicios.<\/strong><\/p>\r\n<p style=\"text-align: justify;\">1. Los Servicios. Para efectos de claridad de las presentes Condiciones se entender\u00e1 como los servicios la puesta a disposici\u00f3n a los usuarios por parte de la Asociaci\u00f3n Coraz\u00f3n Animal de Guanajuato, la plataforma tecnol\u00f3gica contenida en el Sitio Web para: (i) procesos de adopci\u00f3n, (ii) suscripci\u00f3n al esquema de apadrinamiento y (iii) donaci\u00f3n y fondeo a Asociaci\u00f3n Civil Coraz\u00f3n Animal de Guanajuato.<\/p>\r\n<p style=\"text-align: justify;\">2. Registro de usuarios y suscripciones. Para poder hacer uso de los servicios del Sitio Web, todos y cada uno de los usuarios, deber\u00e1n registrarse a trav\u00e9s del llenado de un formulario de inscripci\u00f3n, mediante el cual se recabar\u00e1 cierta informaci\u00f3n personal b\u00e1sica de los usuarios consistente de manera enunciativa m\u00e1s no limitativa en: (i) nombre completo (nombre y apellido) (ii) correo electr\u00f3nico v\u00e1lido (iii) contrase\u00f1a (iv) n\u00famero telef\u00f3nico fijo y\/o celular.<\/p>\r\n<p style=\"text-align: justify;\">Asimismo, los usuarios reconocen y aceptan que ser\u00e1 obligatorio completar el formulario de registro en todos sus campos con datos v\u00e1lidos. Los Usuarios deber\u00e1n completarlo con su informaci\u00f3n personal de manera exacta, precisa y veraz. En este sentido, la Asociaci\u00f3n Coraz\u00f3n Animal de Guanajuato en ning\u00fan momento y bajo ninguna circunstancia, se har\u00e1 responsable por la certeza de los datos personales proporcionados por los usuarios, raz\u00f3n por la cual los propios usuarios garantizan y responden ante la Asociaci\u00f3n Coraz\u00f3n Animal de\r\nGuanajuato y cualquier tercero, en cualquier caso y circunstancia, de la veracidad, exactitud, autenticidad y vigencia de los datos personales ingresados y provistos al momento de realizar el registro de usuario en el Sitio Web.<\/p>\r\n<p style=\"text-align: justify;\"><strong>IV. M\u00e9todos de Pago.<\/strong><\/p>\r\n<p style=\"text-align: justify;\">1. M\u00e9todos de Pago de las Aportaciones. Los medios a trav\u00e9s de los cuales los usuarios podr\u00e1n realizar sus donaciones (remitirse a definiciones de la fracci\u00f3n II de los presentes t\u00e9rminos y condiciones) son los siguientes:\r\nA. Mediante tarjetas bancarias de cr\u00e9dito o d\u00e9bito realizando el descuento directo de la aportaci\u00f3n de la tarjeta cr\u00e9dito o d\u00e9bito que\u00a0 corresponda, a trav\u00e9s del Sitio Web;\r\nB. Mediante transferencia electr\u00f3nica, entendido como SPEI; y\r\nC. Mediante el sistema de pagos PayPal;<\/p>\r\n<p style=\"text-align: justify;\">\r\n2. Comisiones de M\u00e9todos de Pago. Los usuarios podr\u00e1n realizar las donaciones \u00fanicas o en modalidad de apadrinamiento de acuerdo a los t\u00e9rminos y condiciones presentes, en el entendido que reconocen y aceptan que los proveedores de los M\u00e9todos de Pago cobrar\u00e1n las\r\ncomisiones correspondientes que mantengan vigentes, es decir, que la Asociaci\u00f3n Coraz\u00f3n Animal de Guanajuato, no tiene injerencia en estas comisiones.<\/p>\r\n<p style=\"text-align: justify;\"><strong>V. Modificaciones a las Condiciones.<\/strong><\/p>\r\n<p style=\"text-align: justify;\">Las presentes Condiciones no est\u00e1n sujetas a negociaci\u00f3n o modificaci\u00f3n de ninguna especie, por lo que los usuarios entienden y aceptan en su totalidad las mismas. Asimismo, la Asociaci\u00f3n Coraz\u00f3n Animal de Guanajuato, se reserva el derecho a modificar las presentes Condiciones en cualquier momento y a su entera discreci\u00f3n, situaci\u00f3n que dar\u00e1 a conocer a trav\u00e9s del Sitio Web a los usuarios. En el supuesto que alg\u00fan usuario no est\u00e9 de acuerdo con las condiciones, seg\u00fan las mismas sean modificadas de tiempo en tiempo, deber\u00e1 notificarlo expresamente a la Asociaci\u00f3n Coraz\u00f3n Animal de Guanajuato a trav\u00e9s de su Sitio Web y se dar\u00e1 de baja el usuario, as\u00ed mismo para efectos de la suscripci\u00f3n a la modalidad de apadrinamiento, \u00e9sta se cancelar\u00e1.<\/p>\r\n<p style=\"text-align: justify;\"><strong>VI. Alcance del uso del Sitio Web.<\/strong><\/p>\r\n<p style=\"text-align: justify;\">La Asociaci\u00f3n Coraz\u00f3n Animal de Guanajuato, no responder\u00e1 en ning\u00fan momento y bajo circunstancia alguna por los da\u00f1os y perjuicios ya sea directos, indirectos, incidentales, especiales, punitivos o emergentes, derivados de cualquier uso o percance sufrido por cualquier usuario en relaci\u00f3n al uso de la plataforma y por tanto del Sitio Web o relacionado con los servicios.<\/p>\r\n<p style=\"text-align: justify;\"><strong>VII. Jurisdicci\u00f3n y Ley Aplicable.<\/strong>\r\nLas presentes condiciones se regir\u00e1n por el par\u00e1metro de regularidad constitucional y las leyes vigentes en los Estados Unidos Mexicanos. Cualquier controversia derivada de las presentes condiciones, su existencia, validez, interpretaci\u00f3n, alcance o cumplimiento, ser\u00e1 sometida a los tribunales competentes de la Ciudad de Guanajuato.<\/p>","protected":false},"excerpt":{"rendered":"I. Condiciones Generales Los presentes t\u00e9rminos y condiciones (en adelante las \u201cCondiciones\u201d) tienen por objeto regular el acceso y uso que hagan aquellas personas f\u00edsicas o morales identificados como usuarios&#8230;","protected":false},"author":2,"featured_media":0,"parent":0,"menu_order":0,"comment_status":"closed","ping_status":"open","template":"","meta":{"_exactmetrics_skip_tracking":false,"_exactmetrics_sitenote_active":false,"_exactmetrics_sitenote_note":"","_exactmetrics_sitenote_category":0,"_EventAllDay":false,"_EventTimezone":"","_EventStartDate":"","_EventEndDate":"","_EventStartDateUTC":"","_EventEndDateUTC":"","_EventShowMap":false,"_EventShowMapLink":false,"_EventURL":"","_EventCost":"","_EventCostDescription":"","_EventCurrencySymbol":"","_EventCurrencyCode":"","_EventCurrencyPosition":"","_EventDateTimeSeparator":"","_EventTimeRangeSeparator":"","_EventOrganizerID":[],"_EventVenueID":[],"_OrganizerEmail":"","_OrganizerPhone":"","_OrganizerWebsite":"","_VenueAddress":"","_VenueCity":"","_VenueCountry":"","_VenueProvince":"","_VenueState":"","_VenueZip":"","_VenuePhone":"","_VenueURL":"","_VenueStateProvince":"","_VenueLat":"","_VenueLng":"","_VenueShowMap":false,"_VenueShowMapLink":false,"footnotes":""},"aioseo_notices":[],"_links":{"self":[{"href":"https:\/\/corazonanimal.com.mx\/es_mx\/wp-json\/wp\/v2\/pages\/14637"}],"collection":[{"href":"https:\/\/corazonanimal.com.mx\/es_mx\/wp-json\/wp\/v2\/pages"}],"about":[{"href":"https:\/\/corazonanimal.com.mx\/es_mx\/wp-json\/wp\/v2\/types\/page"}],"author":[{"embeddable":true,"href":"https:\/\/corazonanimal.com.mx\/es_mx\/wp-json\/wp\/v2\/users\/2"}],"replies":[{"embeddable":true,"href":"https:\/\/corazonanimal.com.mx\/es_mx\/wp-json\/wp\/v2\/comments?post=14637"}],"version-history":[{"count":0,"href":"https:\/\/corazonanimal.com.mx\/es_mx\/wp-json\/wp\/v2\/pages\/14637\/revisions"}],"wp:attachment":[{"href":"https:\/\/corazonanimal.com.mx\/es_mx\/wp-json\/wp\/v2\/media?parent=14637"}],"curies":[{"name":"wp","href":"https:\/\/api.w.org\/{rel}","templated":true}]}}