{"id":15011,"date":"2019-12-02T09:34:11","date_gmt":"2019-12-02T09:34:11","guid":{"rendered":"https:\/\/corazonanimal.com.mx\/?page_id=15011"},"modified":"2022-04-28T22:52:48","modified_gmt":"2022-04-28T22:52:48","slug":"campanas-de-esterilizacion","status":"publish","type":"page","link":"https:\/\/corazonanimal.com.mx\/es_mx\/campanas-de-esterilizacion\/","title":{"rendered":"Campa\u00f1as de concientizaci\u00f3n y esterilizaci\u00f3n"},"content":{"rendered":"<div id=\"cmsmasters_row_qs7qothzft\" class=\"cmsmasters_row cmsmasters_color_scheme_default cmsmasters_row_top_default cmsmasters_row_bot_default cmsmasters_row_boxed\">\n<div class=\"cmsmasters_row_outer_parent\">\n<div class=\"cmsmasters_row_outer\">\n<div class=\"cmsmasters_row_inner\">\n<div class=\"cmsmasters_row_margin\">\n<div id=\"cmsmasters_column_a3qntscg2\" class=\"cmsmasters_column one_first\">\n<div class=\"cmsmasters_column_inner\"><div id=\"cmsmasters_divider_qvqyk8m32v\" class=\"cl\"><\/div>\n<\/div><\/div>\n<\/div>\n<\/div>\n<\/div>\n<\/div>\n<\/div>\n<div id=\"cmsmasters_row_eb4jcx5b1d\" class=\"cmsmasters_row cmsmasters_color_scheme_default cmsmasters_row_top_default cmsmasters_row_bot_default cmsmasters_row_boxed\">\n<div class=\"cmsmasters_row_outer_parent\">\n<div class=\"cmsmasters_row_outer\">\n<div class=\"cmsmasters_row_inner\">\n<div class=\"cmsmasters_row_margin\">\n<div id=\"cmsmasters_column_a2htwtxogn\" class=\"cmsmasters_column one_half\">\n<div class=\"cmsmasters_column_inner\"><div class=\"cmsmasters_text\">\n<p style=\"text-align: justify;\"><span style=\"font-size: 16pt;\">Tener un perro es una responsabilidad muy grande y debemos asumirla como tal. No solo debes cuidarlo, educarlo y darle tu amor sino que tambi\u00e9n debes pensar en qu\u00e9 pasar\u00eda si se reproduce, si sus cachorritos tendr\u00edan un lugar donde crecer plenamente. Si te das cuenta de que eso no suceder\u00e1, es hora de pensar en la castraci\u00f3n o esterilizaci\u00f3n de tu mascota, para que tambi\u00e9n puedas mejorar su calidad de vida.<\/span><\/p>\n<p style=\"text-align: justify;\"><span style=\"font-size: 16pt;\">A largo plazo, este procedimiento llevar\u00e1 a tu peludo a un mejor estado de salud, prevendr\u00e1 la gestaci\u00f3n no deseada y eliminar\u00e1 muchos problemas de comportamiento asociado con el instinto reproductivo del animal.<\/span><\/p>\n<\/div>\n<\/div><\/div>\n<div id=\"cmsmasters_column_j4gm1nr7qh\" class=\"cmsmasters_column one_half\">\n<div class=\"cmsmasters_column_inner\"><div class=\"cmsmasters_img  cmsmasters_image_n\"><img decoding=\"async\" src=\"https:\/\/corazonanimal.com.mx\/wp-content\/uploads\/2020\/05\/IMG-20200426-WA0046.jpg\" \/><\/div>\n<\/div><\/div>\n<\/div>\n<\/div>\n<\/div>\n<\/div>\n<\/div>\n<div id=\"cmsmasters_row_4dp2v5eyi\" class=\"cmsmasters_row cmsmasters_color_scheme_default cmsmasters_row_top_default cmsmasters_row_bot_default cmsmasters_row_boxed\">\n<div class=\"cmsmasters_row_outer_parent\">\n<div class=\"cmsmasters_row_outer\">\n<div class=\"cmsmasters_row_inner\">\n<div class=\"cmsmasters_row_margin\">\n<div id=\"cmsmasters_column_x9l7mem2vg\" class=\"cmsmasters_column one_half\">\n<div class=\"cmsmasters_column_inner\"><div class=\"aligncenter\"><div class=\"cmsmasters_img  cmsmasters_image_c\" data-animation=\"flipInX\" data-delay=\"0\"><img decoding=\"async\" src=\"https:\/\/corazonanimal.com.mx\/wp-content\/uploads\/2019\/08\/44-300x300.png\" \/><\/div><\/div>\n<\/div><\/div>\n<div id=\"cmsmasters_column_vse4cnowam\" class=\"cmsmasters_column one_half\">\n<div class=\"cmsmasters_column_inner\"><div id=\"cmsmasters_heading_1kd9q0wpop\" class=\"cmsmasters_heading_wrap cmsmasters_heading_align_left\">\n\t<h2 class=\"cmsmasters_heading\">Trabajando por nuestros amigos peludos<\/h2>\n<\/div><div class=\"cmsmasters_text\">\n<p><span style=\"background-color: #ffffff;\">\u00a1Ay\u00fadanos a encontrarle hogar amoroso a todos nuestros animalitos!<\/span><\/p>\n<\/div>\n<div id=\"cmsmasters_divider_534xez91ft\" class=\"cl\"><\/div>\n<div id=\"cmsmasters_button_207r1e6zt\" class=\"button_wrap\"><a href=\"http:\/\/whiskers.cmsmasters.net\/contacto\" class=\"cmsmasters_button\"><span>Cont\u00e1ctanos<\/span><\/a><\/div>\n<\/div><\/div>\n<\/div>\n<\/div>\n<\/div>\n<\/div>\n<\/div>\n<div id=\"cmsmasters_row_bvxu0994y\" class=\"cmsmasters_row cmsmasters_color_scheme_default cmsmasters_row_top_default cmsmasters_row_bot_default cmsmasters_row_boxed\">\n<div class=\"cmsmasters_row_outer_parent\">\n<div class=\"cmsmasters_row_outer\">\n<div class=\"cmsmasters_row_inner\">\n<div class=\"cmsmasters_row_margin\">\n<div id=\"cmsmasters_column_rkha499lq\" class=\"cmsmasters_column one_first\">\n<div class=\"cmsmasters_column_inner\"><div class=\"cmsmasters_campaigns\" >\r\n\t\t\t<div id=\"cmsmasters_owl_slider_if0ypvcott\" class=\"cmsmasters_owl_slider\" data-items=\"4\" data-single-item=\"false\" data-auto-play=\"5000\"><div class=\"cmsmasters_owl_slider_item\"><!-- Start Horizontal Campaign -->\r\n<article id=\"post-13747\" class=\"post-13747 campaign type-campaign status-publish has-post-thumbnail hentry cp-categs-campanas cp-tags-campaign cp-tags-donation\">\r\n\t<figure class=\"cmsmasters_img_wrap\"><a href=\"https:\/\/corazonanimal.com.mx\/es_mx\/campaign\/help-for-the-animals-affected\/\" title=\"Ayuda para los animales afectados\" class=\"cmsmasters_img_link preloader cmsmasters_theme_icon_money\"><img loading=\"lazy\" decoding=\"async\" width=\"500\" height=\"500\" src=\"https:\/\/corazonanimal.com.mx\/wp-content\/uploads\/2018\/02\/134t43t-500x500.jpg\" class=\"full-width wp-post-image\" alt=\"Ayuda para los animales afectados\" title=\"134t43t\" srcset=\"https:\/\/corazonanimal.com.mx\/wp-content\/uploads\/2018\/02\/134t43t-60x60.jpg 60w, https:\/\/corazonanimal.com.mx\/wp-content\/uploads\/2018\/02\/134t43t-100x100.jpg 100w, https:\/\/corazonanimal.com.mx\/wp-content\/uploads\/2018\/02\/134t43t-150x150.jpg 150w, https:\/\/corazonanimal.com.mx\/wp-content\/uploads\/2018\/02\/134t43t-300x300.jpg 300w, https:\/\/corazonanimal.com.mx\/wp-content\/uploads\/2018\/02\/134t43t-500x500.jpg 500w, https:\/\/corazonanimal.com.mx\/wp-content\/uploads\/2018\/02\/134t43t-540x540.jpg 540w, https:\/\/corazonanimal.com.mx\/wp-content\/uploads\/2018\/02\/134t43t-580x580.jpg 580w, https:\/\/corazonanimal.com.mx\/wp-content\/uploads\/2018\/02\/134t43t-600x600.jpg 600w, https:\/\/corazonanimal.com.mx\/wp-content\/uploads\/2018\/02\/134t43t-768x768.jpg 768w, https:\/\/corazonanimal.com.mx\/wp-content\/uploads\/2018\/02\/134t43t.jpg 800w\" sizes=\"(max-width: 500px) 100vw, 500px\" \/><\/a><\/figure><header class=\"cmsmasters_campaign_header entry-header\"><h3 class=\"cmsmasters_campaign_title entry-title\"><a href=\"https:\/\/corazonanimal.com.mx\/es_mx\/campaign\/help-for-the-animals-affected\/\">Ayuda para los animales afectados<\/a><\/h3><\/header><div class=\"cmsmasters_campaign_donated_percent\"><div class=\"cmsmasters_stats stats_mode_bars stats_type_horizontal\"><div class=\"cmsmasters_stat_wrap\"><div class=\"cmsmasters_stat_title_wrap\"><span class=\"cmsmasters_stat_counter_wrap\"><span class=\"cmsmasters_stat_counter\">0<\/span><span class=\"cmsmasters_stat_units\">%<\/span><\/span><span class=\"cmsmasters_stat_title\">Donated<\/span><\/div><div id=\"cmsmasters_stat_13747\" class=\"cmsmasters_stat\" data-percent=\"0\"><div class=\"cmsmasters_stat_inner\"><\/div><\/div><span class=\"cmsmasters_stat_subtitle\">$ 2000 to go<\/span><\/div><\/div><\/div><\/article>\r\n<!-- Finish Horizontal Campaign -->\r\n\r\n<\/div><div class=\"cmsmasters_owl_slider_item\"><!-- Start Horizontal Campaign -->\r\n<article id=\"post-10834\" class=\"post-10834 campaign type-campaign status-publish has-post-thumbnail hentry cp-categs-campanas cp-tags-campana cp-tags-donaciones\">\r\n\t<figure class=\"cmsmasters_img_wrap\"><a href=\"https:\/\/corazonanimal.com.mx\/es_mx\/campaign\/give-a-gift-in-honor-of-a-loved-now\/\" title=\"Donar a nombre de otra persona\" class=\"cmsmasters_img_link preloader cmsmasters_theme_icon_money\"><img loading=\"lazy\" decoding=\"async\" width=\"500\" height=\"500\" src=\"https:\/\/corazonanimal.com.mx\/wp-content\/uploads\/2018\/02\/4h55h54554-500x500.jpg\" class=\"full-width wp-post-image\" alt=\"Donar a nombre de otra persona\" title=\"4h55h54554\" srcset=\"https:\/\/corazonanimal.com.mx\/wp-content\/uploads\/2018\/02\/4h55h54554-60x60.jpg 60w, https:\/\/corazonanimal.com.mx\/wp-content\/uploads\/2018\/02\/4h55h54554-100x100.jpg 100w, https:\/\/corazonanimal.com.mx\/wp-content\/uploads\/2018\/02\/4h55h54554-150x150.jpg 150w, https:\/\/corazonanimal.com.mx\/wp-content\/uploads\/2018\/02\/4h55h54554-300x300.jpg 300w, https:\/\/corazonanimal.com.mx\/wp-content\/uploads\/2018\/02\/4h55h54554-500x500.jpg 500w, https:\/\/corazonanimal.com.mx\/wp-content\/uploads\/2018\/02\/4h55h54554-540x540.jpg 540w, https:\/\/corazonanimal.com.mx\/wp-content\/uploads\/2018\/02\/4h55h54554-580x580.jpg 580w, https:\/\/corazonanimal.com.mx\/wp-content\/uploads\/2018\/02\/4h55h54554-600x600.jpg 600w, https:\/\/corazonanimal.com.mx\/wp-content\/uploads\/2018\/02\/4h55h54554-768x768.jpg 768w, https:\/\/corazonanimal.com.mx\/wp-content\/uploads\/2018\/02\/4h55h54554.jpg 800w\" sizes=\"(max-width: 500px) 100vw, 500px\" \/><\/a><\/figure><header class=\"cmsmasters_campaign_header entry-header\"><h3 class=\"cmsmasters_campaign_title entry-title\"><a href=\"https:\/\/corazonanimal.com.mx\/es_mx\/campaign\/give-a-gift-in-honor-of-a-loved-now\/\">Donar a nombre de otra persona<\/a><\/h3><\/header><div class=\"cmsmasters_campaign_donated_percent\"><div class=\"cmsmasters_stats stats_mode_bars stats_type_horizontal\"><div class=\"cmsmasters_stat_wrap\"><div class=\"cmsmasters_stat_title_wrap\"><span class=\"cmsmasters_stat_counter_wrap\"><span class=\"cmsmasters_stat_counter\">0<\/span><span class=\"cmsmasters_stat_units\">%<\/span><\/span><span class=\"cmsmasters_stat_title\">Donated<\/span><\/div><div id=\"cmsmasters_stat_10834\" class=\"cmsmasters_stat\" data-percent=\"0\"><div class=\"cmsmasters_stat_inner\"><\/div><\/div><span class=\"cmsmasters_stat_subtitle\">$ 6000 to go<\/span><\/div><\/div><\/div><\/article>\r\n<!-- Finish Horizontal Campaign -->\r\n\r\n<\/div><div class=\"cmsmasters_owl_slider_item\"><!-- Start Horizontal Campaign -->\r\n<article id=\"post-10836\" class=\"post-10836 campaign type-campaign status-publish has-post-thumbnail hentry cp-categs-campanas cp-tags-campana cp-tags-donaciones\">\r\n\t<figure class=\"cmsmasters_img_wrap\"><a href=\"https:\/\/corazonanimal.com.mx\/es_mx\/campaign\/donate-an-item-from-our-wish-list\/\" title=\"Donar un art\u00edculo de nuestra Wishlist\" class=\"cmsmasters_img_link preloader cmsmasters_theme_icon_money\"><img loading=\"lazy\" decoding=\"async\" width=\"500\" height=\"500\" src=\"https:\/\/corazonanimal.com.mx\/wp-content\/uploads\/2018\/02\/45y54y54y54y45333t4t44tt4t4t4-500x500.jpg\" class=\"full-width wp-post-image\" alt=\"Donar un art\u00edculo de nuestra Wishlist\" title=\"45y54y54y54y45333t4t44tt4t4t4\" srcset=\"https:\/\/corazonanimal.com.mx\/wp-content\/uploads\/2018\/02\/45y54y54y54y45333t4t44tt4t4t4-60x60.jpg 60w, https:\/\/corazonanimal.com.mx\/wp-content\/uploads\/2018\/02\/45y54y54y54y45333t4t44tt4t4t4-100x100.jpg 100w, https:\/\/corazonanimal.com.mx\/wp-content\/uploads\/2018\/02\/45y54y54y54y45333t4t44tt4t4t4-150x150.jpg 150w, https:\/\/corazonanimal.com.mx\/wp-content\/uploads\/2018\/02\/45y54y54y54y45333t4t44tt4t4t4-300x300.jpg 300w, https:\/\/corazonanimal.com.mx\/wp-content\/uploads\/2018\/02\/45y54y54y54y45333t4t44tt4t4t4-500x500.jpg 500w, https:\/\/corazonanimal.com.mx\/wp-content\/uploads\/2018\/02\/45y54y54y54y45333t4t44tt4t4t4-540x540.jpg 540w, https:\/\/corazonanimal.com.mx\/wp-content\/uploads\/2018\/02\/45y54y54y54y45333t4t44tt4t4t4-580x580.jpg 580w, https:\/\/corazonanimal.com.mx\/wp-content\/uploads\/2018\/02\/45y54y54y54y45333t4t44tt4t4t4-600x600.jpg 600w, https:\/\/corazonanimal.com.mx\/wp-content\/uploads\/2018\/02\/45y54y54y54y45333t4t44tt4t4t4-768x768.jpg 768w, https:\/\/corazonanimal.com.mx\/wp-content\/uploads\/2018\/02\/45y54y54y54y45333t4t44tt4t4t4.jpg 800w\" sizes=\"(max-width: 500px) 100vw, 500px\" \/><\/a><\/figure><header class=\"cmsmasters_campaign_header entry-header\"><h3 class=\"cmsmasters_campaign_title entry-title\"><a href=\"https:\/\/corazonanimal.com.mx\/es_mx\/campaign\/donate-an-item-from-our-wish-list\/\">Donar un art\u00edculo de nuestra Wishlist<\/a><\/h3><\/header><div class=\"cmsmasters_campaign_donated_percent\"><div class=\"cmsmasters_stats stats_mode_bars stats_type_horizontal\"><div class=\"cmsmasters_stat_wrap\"><div class=\"cmsmasters_stat_title_wrap\"><span class=\"cmsmasters_stat_counter_wrap\"><span class=\"cmsmasters_stat_counter\">0<\/span><span class=\"cmsmasters_stat_units\">%<\/span><\/span><span class=\"cmsmasters_stat_title\">Donated<\/span><\/div><div id=\"cmsmasters_stat_10836\" class=\"cmsmasters_stat\" data-percent=\"0\"><div class=\"cmsmasters_stat_inner\"><\/div><\/div><span class=\"cmsmasters_stat_subtitle\">$ 5000 to go<\/span><\/div><\/div><\/div><\/article>\r\n<!-- Finish Horizontal Campaign -->\r\n\r\n<\/div><div class=\"cmsmasters_owl_slider_item\"><!-- Start Horizontal Campaign -->\r\n<article id=\"post-10838\" class=\"post-10838 campaign type-campaign status-publish has-post-thumbnail hentry cp-categs-campanas cp-tags-campana cp-tags-donaciones\">\r\n\t<figure class=\"cmsmasters_img_wrap\"><a href=\"https:\/\/corazonanimal.com.mx\/es_mx\/campaign\/donacion-unica-o-recurrente\/\" title=\"Donaci\u00f3n \u00fanica o recurrente\" class=\"cmsmasters_img_link preloader cmsmasters_theme_icon_money\"><img loading=\"lazy\" decoding=\"async\" width=\"500\" height=\"500\" src=\"https:\/\/corazonanimal.com.mx\/wp-content\/uploads\/2018\/02\/43t43t-500x500.jpg\" class=\"full-width wp-post-image\" alt=\"Donaci\u00f3n \u00fanica o recurrente\" title=\"43t43t\" srcset=\"https:\/\/corazonanimal.com.mx\/wp-content\/uploads\/2018\/02\/43t43t-60x60.jpg 60w, https:\/\/corazonanimal.com.mx\/wp-content\/uploads\/2018\/02\/43t43t-100x100.jpg 100w, https:\/\/corazonanimal.com.mx\/wp-content\/uploads\/2018\/02\/43t43t-150x150.jpg 150w, https:\/\/corazonanimal.com.mx\/wp-content\/uploads\/2018\/02\/43t43t-300x300.jpg 300w, https:\/\/corazonanimal.com.mx\/wp-content\/uploads\/2018\/02\/43t43t-500x500.jpg 500w, https:\/\/corazonanimal.com.mx\/wp-content\/uploads\/2018\/02\/43t43t-540x540.jpg 540w, https:\/\/corazonanimal.com.mx\/wp-content\/uploads\/2018\/02\/43t43t-580x580.jpg 580w, https:\/\/corazonanimal.com.mx\/wp-content\/uploads\/2018\/02\/43t43t-600x600.jpg 600w, https:\/\/corazonanimal.com.mx\/wp-content\/uploads\/2018\/02\/43t43t-768x768.jpg 768w, https:\/\/corazonanimal.com.mx\/wp-content\/uploads\/2018\/02\/43t43t.jpg 800w\" sizes=\"(max-width: 500px) 100vw, 500px\" \/><\/a><\/figure><header class=\"cmsmasters_campaign_header entry-header\"><h3 class=\"cmsmasters_campaign_title entry-title\"><a href=\"https:\/\/corazonanimal.com.mx\/es_mx\/campaign\/donacion-unica-o-recurrente\/\">Donaci\u00f3n \u00fanica o recurrente<\/a><\/h3><\/header><div class=\"cmsmasters_campaign_donated_percent\"><div class=\"cmsmasters_stats stats_mode_bars stats_type_horizontal\"><div class=\"cmsmasters_stat_wrap\"><div class=\"cmsmasters_stat_title_wrap\"><span class=\"cmsmasters_stat_counter_wrap\"><span class=\"cmsmasters_stat_counter\">16<\/span><span class=\"cmsmasters_stat_units\">%<\/span><\/span><span class=\"cmsmasters_stat_title\">Donated<\/span><\/div><div id=\"cmsmasters_stat_10838\" class=\"cmsmasters_stat\" data-percent=\"16\"><div class=\"cmsmasters_stat_inner\"><\/div><\/div><span class=\"cmsmasters_stat_subtitle\">$ 2499 to go<\/span><\/div><\/div><\/div><\/article>\r\n<!-- Finish Horizontal Campaign -->\r\n\r\n<\/div><\/div><\/div>\n<div id=\"cmsmasters_divider_q6zmkisixl\" class=\"cl\"><\/div>\n<\/div><\/div>\n<\/div>\n<\/div>\n<\/div>\n<\/div>\n<\/div>\n","protected":false},"excerpt":{"rendered":"","protected":false},"author":2,"featured_media":0,"parent":0,"menu_order":0,"comment_status":"closed","ping_status":"closed","template":"","meta":{"_exactmetrics_skip_tracking":false,"_exactmetrics_sitenote_active":false,"_exactmetrics_sitenote_note":"","_exactmetrics_sitenote_category":0,"_EventAllDay":false,"_EventTimezone":"","_EventStartDate":"","_EventEndDate":"","_EventStartDateUTC":"","_EventEndDateUTC":"","_EventShowMap":false,"_EventShowMapLink":false,"_EventURL":"","_EventCost":"","_EventCostDescription":"","_EventCurrencySymbol":"","_EventCurrencyCode":"","_EventCurrencyPosition":"","_EventDateTimeSeparator":"","_EventTimeRangeSeparator":"","_EventOrganizerID":[],"_EventVenueID":[],"_OrganizerEmail":"","_OrganizerPhone":"","_OrganizerWebsite":"","_VenueAddress":"","_VenueCity":"","_VenueCountry":"","_VenueProvince":"","_VenueState":"","_VenueZip":"","_VenuePhone":"","_VenueURL":"","_VenueStateProvince":"","_VenueLat":"","_VenueLng":"","_VenueShowMap":false,"_VenueShowMapLink":false,"footnotes":""},"aioseo_notices":[],"_links":{"self":[{"href":"https:\/\/corazonanimal.com.mx\/es_mx\/wp-json\/wp\/v2\/pages\/15011"}],"collection":[{"href":"https:\/\/corazonanimal.com.mx\/es_mx\/wp-json\/wp\/v2\/pages"}],"about":[{"href":"https:\/\/corazonanimal.com.mx\/es_mx\/wp-json\/wp\/v2\/types\/page"}],"author":[{"embeddable":true,"href":"https:\/\/corazonanimal.com.mx\/es_mx\/wp-json\/wp\/v2\/users\/2"}],"replies":[{"embeddable":true,"href":"https:\/\/corazonanimal.com.mx\/es_mx\/wp-json\/wp\/v2\/comments?post=15011"}],"version-history":[{"count":2,"href":"https:\/\/corazonanimal.com.mx\/es_mx\/wp-json\/wp\/v2\/pages\/15011\/revisions"}],"predecessor-version":[{"id":17171,"href":"https:\/\/corazonanimal.com.mx\/es_mx\/wp-json\/wp\/v2\/pages\/15011\/revisions\/17171"}],"wp:attachment":[{"href":"https:\/\/corazonanimal.com.mx\/es_mx\/wp-json\/wp\/v2\/media?parent=15011"}],"curies":[{"name":"wp","href":"https:\/\/api.w.org\/{rel}","templated":true}]}}