{"id":15055,"date":"2019-12-02T21:14:25","date_gmt":"2019-12-02T21:14:25","guid":{"rendered":"https:\/\/corazonanimal.com.mx\/?page_id=15055"},"modified":"2022-04-28T22:23:06","modified_gmt":"2022-04-28T22:23:06","slug":"nosotros","status":"publish","type":"page","link":"https:\/\/corazonanimal.com.mx\/es_mx\/nosotros\/","title":{"rendered":"Nosotros"},"content":{"rendered":"<div id=\"cmsmasters_row_837hyclbj\" class=\"cmsmasters_row cmsmasters_color_scheme_default cmsmasters_row_top_default cmsmasters_row_bot_default cmsmasters_row_boxed\">\n<div class=\"cmsmasters_row_outer_parent\">\n<div class=\"cmsmasters_row_outer\">\n<div class=\"cmsmasters_row_inner\">\n<div class=\"cmsmasters_row_margin\">\n<div id=\"cmsmasters_column_4s8lbww4v\" class=\"cmsmasters_column one_first\">\n<div class=\"cmsmasters_column_inner\"><div id=\"cmsmasters_heading_9s600iksbd\" class=\"cmsmasters_heading_wrap cmsmasters_heading_align_center\" data-animation=\"fadeInUp\" data-delay=\"0\">\n\t<h2 class=\"cmsmasters_heading\">Queremos contarte m\u00e1s acerca de nosotros<\/h2>\n<\/div><div class=\"cmsmasters_text\" data-animation=\"fadeInUp\" data-delay=\"0\">\n<p style=\"text-align: center;\"><span style=\"color: #444343; font-size: 18px;\">Cada a\u00f1o ayudamos a m\u00e1s de 400 animalitos<\/span><\/p>\n<\/div>\n<\/div><\/div>\n<\/div>\n<\/div>\n<\/div>\n<\/div>\n<\/div>\n<div id=\"cmsmasters_row_znrs8o6xlo\" class=\"cmsmasters_row cmsmasters_color_scheme_default cmsmasters_row_top_default cmsmasters_row_bot_default cmsmasters_row_boxed\">\n<div id=\"nosotros\" class=\"cmsmasters_row_outer_parent\">\n<div class=\"cmsmasters_row_outer\">\n<div class=\"cmsmasters_row_inner\">\n<div class=\"cmsmasters_row_margin\">\n<div id=\"cmsmasters_column_bwhbnafa8q\" class=\"cmsmasters_column one_half\">\n<div class=\"cmsmasters_column_inner\"><div id=\"cmsmasters_heading_r52ozcfdze\" class=\"cmsmasters_heading_wrap cmsmasters_heading_align_left\" data-animation=\"fadeInUpBig\" data-delay=\"0\">\n\t<h2 class=\"cmsmasters_heading\">\u00bfQui\u00e9nes somos?<\/h2>\n<\/div><div class=\"cmsmasters_text\" data-animation=\"fadeIn\" data-delay=\"0\">\n<p style=\"text-align: justify;\">Somos una asociaci\u00f3n civil, sin fines de lucro, integrada por un grupo de voluntarios sensibilizados ante la problem\u00e1tica social que involucra a animales dom\u00e9sticos, perros y gatos, en condiciones de abandono y maltrato.<\/p>\n<p style=\"text-align: justify;\">Trabajamos, siempre motivados, por la vocaci\u00f3n de ayudar y mejorar la vida de aquellos animales que no viven en un entorno de respeto y responsabilidad.<\/p>\n<\/div>\n<div id=\"cmsmasters_divider_eop48dy61c\" class=\"cl\"><\/div>\n<\/div><\/div>\n<div id=\"cmsmasters_column_4sudg7y4ts\" class=\"cmsmasters_column one_half\">\n<div class=\"cmsmasters_column_inner\"><div class=\"aligncenter\"><div class=\"cmsmasters_img  cmsmasters_image_c\" data-animation=\"fadeInUp\" data-delay=\"0\"><img decoding=\"async\" src=\"https:\/\/corazonanimal.com.mx\/wp-content\/uploads\/2020\/03\/WhatsApp-Image-2020-03-26-at-12.19.14-1.jpeg\" \/><\/div><\/div>\n<\/div><\/div>\n<\/div>\n<\/div>\n<\/div>\n<\/div>\n<\/div>\n<div id=\"cmsmasters_row_u1sc3fy12u\" class=\"cmsmasters_row cmsmasters_color_scheme_default cmsmasters_row_top_default cmsmasters_row_bot_default cmsmasters_row_boxed\">\n<div class=\"cmsmasters_row_outer_parent\">\n<div class=\"cmsmasters_row_outer\">\n<div class=\"cmsmasters_row_inner\">\n<div class=\"cmsmasters_row_margin\">\n<div id=\"cmsmasters_column_sb72t4t8yq\" class=\"cmsmasters_column one_first\">\n<div class=\"cmsmasters_column_inner\"><div id=\"cmsmasters_heading_pd9hus1f55\" class=\"cmsmasters_heading_wrap cmsmasters_heading_align_center\" data-animation=\"fadeInDown\" data-delay=\"0\">\n\t<h2 class=\"cmsmasters_heading\">Nuestro Objetivo<\/h2>\n<\/div><div class=\"cmsmasters_text\" data-animation=\"fadeInUp\" data-delay=\"0\">\n<p style=\"text-align: center;\"><span style=\"color: #ffffff;\">Nuestro objetivo social es que todos los animales dom\u00e9sticos puedan tener una vida digna, con un lugar dentro de una familia y reciban todos los cuidados que les garanticen su rehabilitaci\u00f3n, re-adaptaci\u00f3n e inclusi\u00f3n en el hogar con respeto y responsabilidad.<\/span><\/p>\n<\/div>\n<div id=\"cmsmasters_divider_irq7nd7l\" class=\"cl\"><\/div>\n<div id=\"cmsmasters_button_td0u23xph\" class=\"button_wrap\"><a href=\"https:\/\/corazonanimal.com.mx\/confirmacion-de-donacion\/\" class=\"cmsmasters_button\" data-animation=\"fadeInDown\" data-delay=\"0\"><span>\u00bfTe gustar\u00eda donar?<\/span><\/a><\/div>\n<\/div><\/div>\n<\/div>\n<\/div>\n<\/div>\n<\/div>\n<\/div>\n<div id=\"cmsmasters_row_t4lyxaavd\" class=\"cmsmasters_row cmsmasters_color_scheme_default cmsmasters_row_top_default cmsmasters_row_bot_default cmsmasters_row_boxed\">\n<div class=\"cmsmasters_row_outer_parent\">\n<div class=\"cmsmasters_row_outer\">\n<div class=\"cmsmasters_row_inner\">\n<div class=\"cmsmasters_row_margin\">\n<div id=\"cmsmasters_column_rjbh8qox3o\" class=\"cmsmasters_column one_half\" data-animation=\"fadeInUp\" data-delay=\"0\">\n<div class=\"cmsmasters_column_inner\"><div id=\"cmsmasters_heading_7ti6dzp05a\" class=\"cmsmasters_heading_wrap cmsmasters_heading_align_center\">\n\t<h2 class=\"cmsmasters_heading\">Nuestra Misi\u00f3n<\/h2>\n<\/div><div class=\"cmsmasters_text\" data-animation=\"fadeInUp\" data-delay=\"0\">\n<p style=\"text-align: center;\">Ejercer en la sociedad acciones de educaci\u00f3n y sensibilizaci\u00f3n contra el maltrato animal con la finalidad de favorecer una tenencia responsable y reducir el abuso y abandono de animales dom\u00e9sticos.<\/p>\n<p style=\"text-align: center;\">Adem\u00e1s, continuar nuestra labor de rescate, atenci\u00f3n y adaptaci\u00f3n de animales vulnerados que culmine en un proceso de<br \/>\nadopci\u00f3n exitoso.<\/p>\n<\/div>\n<\/div><\/div>\n<div id=\"cmsmasters_column_oqpuf59jn\" class=\"cmsmasters_column one_half\" data-animation=\"fadeInUp\">\n<div class=\"cmsmasters_column_inner\"><div id=\"cmsmasters_heading_ho4dwv9vsb\" class=\"cmsmasters_heading_wrap cmsmasters_heading_align_center\">\n\t<h2 class=\"cmsmasters_heading\">Nuestra Visi\u00f3n<\/h2>\n<\/div><div class=\"cmsmasters_text\" data-animation=\"fadeInUp\" data-delay=\"0\">\n<p style=\"text-align: center;\">Ser una organizaci\u00f3n sustentable a trav\u00e9s de la optimizaci\u00f3n de recursos, que ejerza el liderazgo en la ciudad de Guanajuato, inculcando con nuestras acciones una cultura de protecci\u00f3n, respeto y cumplimiento de las leyes en defensa de los derechos de los animales, y que adem\u00e1s, funciones como modelo para otras iniciativas de protecci\u00f3n animal.<\/p>\n<\/div>\n<\/div><\/div>\n<\/div>\n<\/div>\n<\/div>\n<\/div>\n<\/div>\n<div id=\"cmsmasters_row_6wzyi38ak8\" class=\"cmsmasters_row cmsmasters_color_scheme_default cmsmasters_row_top_default cmsmasters_row_bot_default cmsmasters_row_boxed\">\n<div class=\"cmsmasters_row_outer_parent\">\n<div class=\"cmsmasters_row_outer\">\n<div class=\"cmsmasters_row_inner\">\n<div class=\"cmsmasters_row_margin\">\n<div id=\"cmsmasters_column_muwzvpg1t\" class=\"cmsmasters_column one_first\" data-animation=\"tada\" data-delay=\"0\">\n<div class=\"cmsmasters_column_inner\"><div id=\"cmsmasters_video_wrap_nechhgoh7\" class=\"cmsmasters_video_wrap\">\n<div style=\"width: 640px;\" class=\"wp-video\"><!--[if lt IE 9]><script>document.createElement('video');<\/script><![endif]--><br \/>\n<video class=\"wp-video-shortcode\" id=\"video-15055-1\" width=\"640\" height=\"360\" poster=\"https:\/\/corazonanimal.com.mx\/wp-content\/uploads\/2020\/04\/3443t4t43.jpg\" preload=\"none\" controls=\"controls\"><source type=\"video\/mp4\" src=\"https:\/\/corazonanimal.com.mx\/wp-content\/uploads\/2019\/12\/getfvid_1238679_594258497316542_1478706484_n1.mp4?_=1\" \/><a href=\"https:\/\/corazonanimal.com.mx\/wp-content\/uploads\/2019\/12\/getfvid_1238679_594258497316542_1478706484_n1.mp4\">https:\/\/corazonanimal.com.mx\/wp-content\/uploads\/2019\/12\/getfvid_1238679_594258497316542_1478706484_n1.mp4<\/a><\/video><\/div>\n<\/div>\n<\/div><\/div>\n<\/div>\n<\/div>\n<\/div>\n<\/div>\n<\/div>\n","protected":false},"excerpt":{"rendered":"","protected":false},"author":2,"featured_media":0,"parent":0,"menu_order":0,"comment_status":"closed","ping_status":"closed","template":"","meta":{"_exactmetrics_skip_tracking":false,"_exactmetrics_sitenote_active":false,"_exactmetrics_sitenote_note":"","_exactmetrics_sitenote_category":0,"_EventAllDay":false,"_EventTimezone":"","_EventStartDate":"","_EventEndDate":"","_EventStartDateUTC":"","_EventEndDateUTC":"","_EventShowMap":false,"_EventShowMapLink":false,"_EventURL":"","_EventCost":"","_EventCostDescription":"","_EventCurrencySymbol":"","_EventCurrencyCode":"","_EventCurrencyPosition":"","_EventDateTimeSeparator":"","_EventTimeRangeSeparator":"","_EventOrganizerID":[],"_EventVenueID":[],"_OrganizerEmail":"","_OrganizerPhone":"","_OrganizerWebsite":"","_VenueAddress":"","_VenueCity":"","_VenueCountry":"","_VenueProvince":"","_VenueState":"","_VenueZip":"","_VenuePhone":"","_VenueURL":"","_VenueStateProvince":"","_VenueLat":"","_VenueLng":"","_VenueShowMap":false,"_VenueShowMapLink":false,"footnotes":""},"aioseo_notices":[],"_links":{"self":[{"href":"https:\/\/corazonanimal.com.mx\/es_mx\/wp-json\/wp\/v2\/pages\/15055"}],"collection":[{"href":"https:\/\/corazonanimal.com.mx\/es_mx\/wp-json\/wp\/v2\/pages"}],"about":[{"href":"https:\/\/corazonanimal.com.mx\/es_mx\/wp-json\/wp\/v2\/types\/page"}],"author":[{"embeddable":true,"href":"https:\/\/corazonanimal.com.mx\/es_mx\/wp-json\/wp\/v2\/users\/2"}],"replies":[{"embeddable":true,"href":"https:\/\/corazonanimal.com.mx\/es_mx\/wp-json\/wp\/v2\/comments?post=15055"}],"version-history":[{"count":3,"href":"https:\/\/corazonanimal.com.mx\/es_mx\/wp-json\/wp\/v2\/pages\/15055\/revisions"}],"predecessor-version":[{"id":17169,"href":"https:\/\/corazonanimal.com.mx\/es_mx\/wp-json\/wp\/v2\/pages\/15055\/revisions\/17169"}],"wp:attachment":[{"href":"https:\/\/corazonanimal.com.mx\/es_mx\/wp-json\/wp\/v2\/media?parent=15055"}],"curies":[{"name":"wp","href":"https:\/\/api.w.org\/{rel}","templated":true}]}}