{"id":15101,"date":"2019-12-10T08:54:39","date_gmt":"2019-12-10T08:54:39","guid":{"rendered":"https:\/\/corazonanimal.com.mx\/?page_id=15101"},"modified":"2022-04-28T22:57:11","modified_gmt":"2022-04-28T22:57:11","slug":"refugio-actual","status":"publish","type":"page","link":"https:\/\/corazonanimal.com.mx\/es_mx\/refugio-actual\/","title":{"rendered":"Refugio Actual"},"content":{"rendered":"<div id=\"cmsmasters_row_4y55wsiswo\" class=\"cmsmasters_row cmsmasters_color_scheme_default cmsmasters_row_top_default cmsmasters_row_bot_default cmsmasters_row_boxed\">\n<div id=\"refugio\" class=\"cmsmasters_row_outer_parent\">\n<div class=\"cmsmasters_row_outer\">\n<div class=\"cmsmasters_row_inner\">\n<div class=\"cmsmasters_row_margin\">\n<div id=\"cmsmasters_column_pk1m3rrb9q\" class=\"cmsmasters_column one_first\">\n<div class=\"cmsmasters_column_inner\"><div id=\"cmsmasters_divider_os9mof59ap\" class=\"cl\"><\/div>\n<\/div><\/div>\n<\/div>\n<\/div>\n<\/div>\n<\/div>\n<\/div>\n<div id=\"cmsmasters_row_3zizeif9j\" class=\"cmsmasters_row cmsmasters_color_scheme_default cmsmasters_row_top_default cmsmasters_row_bot_default cmsmasters_row_boxed\">\n<div id=\"refugio\" class=\"cmsmasters_row_outer_parent\">\n<div class=\"cmsmasters_row_outer\">\n<div class=\"cmsmasters_row_inner\">\n<div class=\"cmsmasters_row_margin\">\n<div id=\"cmsmasters_column_92munpxvhc\" class=\"cmsmasters_column one_first\">\n<div class=\"cmsmasters_column_inner\"><div class=\"cmsmasters_text\" data-animation=\"fadeIn\" data-delay=\"0\">\n<p style=\"text-align: center;\"><span style=\"font-size: 18pt;\">El espacio que funciona como refugio actualmente es una casa habitaci\u00f3n que conseguimos en renta, que desde el a\u00f1o 2011 hemos ido acondicionando modestamente para albergar a 70 de los 115 perros que tenemos a nuestro cuidado. En el a\u00f1o 2015, la propietaria del inmueble nos solicit\u00f3 desocupar la vivienda a la brevedad. <\/span><\/p>\n<p style=\"text-align: center;\"><span style=\"font-size: 18pt;\">Desde entonces, hemos apelado a prorrogar el desalojo e ideado estrategias para la obtenci\u00f3n de un nuevo lugar que nos permita continuar albergando a \u00e9ste centenar de perros y mejorar sus condiciones actuales.<\/span><\/p>\n<\/div>\n<\/div><\/div>\n<\/div>\n<\/div>\n<\/div>\n<\/div>\n<\/div>\n<div id=\"cmsmasters_row_j85p8w7vvn\" class=\"cmsmasters_row cmsmasters_color_scheme_default cmsmasters_row_top_default cmsmasters_row_bot_default cmsmasters_row_boxed\">\n<div class=\"cmsmasters_row_outer_parent\">\n<div class=\"cmsmasters_row_outer\">\n<div class=\"cmsmasters_row_inner\">\n<div class=\"cmsmasters_row_margin\">\n<div id=\"cmsmasters_column_j3h8qa339c\" class=\"cmsmasters_column one_first\" data-animation=\"fadeInUp\" data-delay=\"0\">\n<div class=\"cmsmasters_column_inner\"><div id=\"cmsmasters_gallery_sk96q4cjzn\" class=\"cmsmasters_gallery_wrap\" data-type=\"grid\" data-count=\"0\"><ul class=\"cmsmasters_gallery cmsmasters_4 cmsmasters_more_items_loader\"><li class=\"cmsmasters_gallery_item\"><figure><a href=\"https:\/\/corazonanimal.com.mx\/wp-content\/uploads\/2019\/12\/1491744_550944181647974_1435728004_n.jpg\" rel=\"ilightbox[sk96q4cjzn]\"><img loading=\"lazy\" decoding=\"async\" width=\"960\" height=\"720\" src=\"https:\/\/corazonanimal.com.mx\/wp-content\/uploads\/2019\/12\/1491744_550944181647974_1435728004_n.jpg\" class=\"attachment-full size-full\" alt=\"\" srcset=\"https:\/\/corazonanimal.com.mx\/wp-content\/uploads\/2019\/12\/1491744_550944181647974_1435728004_n-300x225.jpg 300w, https:\/\/corazonanimal.com.mx\/wp-content\/uploads\/2019\/12\/1491744_550944181647974_1435728004_n-580x435.jpg 580w, https:\/\/corazonanimal.com.mx\/wp-content\/uploads\/2019\/12\/1491744_550944181647974_1435728004_n-768x576.jpg 768w, https:\/\/corazonanimal.com.mx\/wp-content\/uploads\/2019\/12\/1491744_550944181647974_1435728004_n-860x645.jpg 860w, https:\/\/corazonanimal.com.mx\/wp-content\/uploads\/2019\/12\/1491744_550944181647974_1435728004_n.jpg 960w\" sizes=\"(max-width: 960px) 100vw, 960px\" \/><\/a><\/figure><\/li><li class=\"cmsmasters_gallery_item\"><figure><a href=\"https:\/\/corazonanimal.com.mx\/wp-content\/uploads\/2019\/12\/1470145_552396181502774_1684493358_n.jpg\" rel=\"ilightbox[sk96q4cjzn]\"><img loading=\"lazy\" decoding=\"async\" width=\"960\" height=\"720\" src=\"https:\/\/corazonanimal.com.mx\/wp-content\/uploads\/2019\/12\/1470145_552396181502774_1684493358_n.jpg\" class=\"attachment-full size-full\" alt=\"\" srcset=\"https:\/\/corazonanimal.com.mx\/wp-content\/uploads\/2019\/12\/1470145_552396181502774_1684493358_n-300x225.jpg 300w, https:\/\/corazonanimal.com.mx\/wp-content\/uploads\/2019\/12\/1470145_552396181502774_1684493358_n-580x435.jpg 580w, https:\/\/corazonanimal.com.mx\/wp-content\/uploads\/2019\/12\/1470145_552396181502774_1684493358_n-768x576.jpg 768w, https:\/\/corazonanimal.com.mx\/wp-content\/uploads\/2019\/12\/1470145_552396181502774_1684493358_n-860x645.jpg 860w, https:\/\/corazonanimal.com.mx\/wp-content\/uploads\/2019\/12\/1470145_552396181502774_1684493358_n.jpg 960w\" sizes=\"(max-width: 960px) 100vw, 960px\" \/><\/a><\/figure><\/li><li class=\"cmsmasters_gallery_item\"><figure><a href=\"https:\/\/corazonanimal.com.mx\/wp-content\/uploads\/2019\/12\/575454_550945301647862_1443166832_n.jpg\" rel=\"ilightbox[sk96q4cjzn]\"><img loading=\"lazy\" decoding=\"async\" width=\"960\" height=\"720\" src=\"https:\/\/corazonanimal.com.mx\/wp-content\/uploads\/2019\/12\/575454_550945301647862_1443166832_n.jpg\" class=\"attachment-full size-full\" alt=\"\" srcset=\"https:\/\/corazonanimal.com.mx\/wp-content\/uploads\/2019\/12\/575454_550945301647862_1443166832_n-300x225.jpg 300w, https:\/\/corazonanimal.com.mx\/wp-content\/uploads\/2019\/12\/575454_550945301647862_1443166832_n-580x435.jpg 580w, https:\/\/corazonanimal.com.mx\/wp-content\/uploads\/2019\/12\/575454_550945301647862_1443166832_n-768x576.jpg 768w, https:\/\/corazonanimal.com.mx\/wp-content\/uploads\/2019\/12\/575454_550945301647862_1443166832_n-860x645.jpg 860w, https:\/\/corazonanimal.com.mx\/wp-content\/uploads\/2019\/12\/575454_550945301647862_1443166832_n.jpg 960w\" sizes=\"(max-width: 960px) 100vw, 960px\" \/><\/a><\/figure><\/li><li class=\"cmsmasters_gallery_item\"><figure><a href=\"https:\/\/corazonanimal.com.mx\/wp-content\/uploads\/2019\/12\/1508502_550942171648175_1417632162_n.jpg\" rel=\"ilightbox[sk96q4cjzn]\"><img loading=\"lazy\" decoding=\"async\" width=\"960\" height=\"720\" src=\"https:\/\/corazonanimal.com.mx\/wp-content\/uploads\/2019\/12\/1508502_550942171648175_1417632162_n.jpg\" class=\"attachment-full size-full\" alt=\"\" srcset=\"https:\/\/corazonanimal.com.mx\/wp-content\/uploads\/2019\/12\/1508502_550942171648175_1417632162_n-300x225.jpg 300w, https:\/\/corazonanimal.com.mx\/wp-content\/uploads\/2019\/12\/1508502_550942171648175_1417632162_n-580x435.jpg 580w, https:\/\/corazonanimal.com.mx\/wp-content\/uploads\/2019\/12\/1508502_550942171648175_1417632162_n-768x576.jpg 768w, https:\/\/corazonanimal.com.mx\/wp-content\/uploads\/2019\/12\/1508502_550942171648175_1417632162_n-860x645.jpg 860w, https:\/\/corazonanimal.com.mx\/wp-content\/uploads\/2019\/12\/1508502_550942171648175_1417632162_n.jpg 960w\" sizes=\"(max-width: 960px) 100vw, 960px\" \/><\/a><\/figure><\/li><\/ul><\/div>\n<\/div><\/div>\n<\/div>\n<\/div>\n<\/div>\n<\/div>\n<\/div>\n","protected":false},"excerpt":{"rendered":"","protected":false},"author":2,"featured_media":0,"parent":0,"menu_order":0,"comment_status":"closed","ping_status":"closed","template":"","meta":{"_exactmetrics_skip_tracking":false,"_exactmetrics_sitenote_active":false,"_exactmetrics_sitenote_note":"","_exactmetrics_sitenote_category":0,"_EventAllDay":false,"_EventTimezone":"","_EventStartDate":"","_EventEndDate":"","_EventStartDateUTC":"","_EventEndDateUTC":"","_EventShowMap":false,"_EventShowMapLink":false,"_EventURL":"","_EventCost":"","_EventCostDescription":"","_EventCurrencySymbol":"","_EventCurrencyCode":"","_EventCurrencyPosition":"","_EventDateTimeSeparator":"","_EventTimeRangeSeparator":"","_EventOrganizerID":[],"_EventVenueID":[],"_OrganizerEmail":"","_OrganizerPhone":"","_OrganizerWebsite":"","_VenueAddress":"","_VenueCity":"","_VenueCountry":"","_VenueProvince":"","_VenueState":"","_VenueZip":"","_VenuePhone":"","_VenueURL":"","_VenueStateProvince":"","_VenueLat":"","_VenueLng":"","_VenueShowMap":false,"_VenueShowMapLink":false,"footnotes":""},"aioseo_notices":[],"_links":{"self":[{"href":"https:\/\/corazonanimal.com.mx\/es_mx\/wp-json\/wp\/v2\/pages\/15101"}],"collection":[{"href":"https:\/\/corazonanimal.com.mx\/es_mx\/wp-json\/wp\/v2\/pages"}],"about":[{"href":"https:\/\/corazonanimal.com.mx\/es_mx\/wp-json\/wp\/v2\/types\/page"}],"author":[{"embeddable":true,"href":"https:\/\/corazonanimal.com.mx\/es_mx\/wp-json\/wp\/v2\/users\/2"}],"replies":[{"embeddable":true,"href":"https:\/\/corazonanimal.com.mx\/es_mx\/wp-json\/wp\/v2\/comments?post=15101"}],"version-history":[{"count":2,"href":"https:\/\/corazonanimal.com.mx\/es_mx\/wp-json\/wp\/v2\/pages\/15101\/revisions"}],"predecessor-version":[{"id":17173,"href":"https:\/\/corazonanimal.com.mx\/es_mx\/wp-json\/wp\/v2\/pages\/15101\/revisions\/17173"}],"wp:attachment":[{"href":"https:\/\/corazonanimal.com.mx\/es_mx\/wp-json\/wp\/v2\/media?parent=15101"}],"curies":[{"name":"wp","href":"https:\/\/api.w.org\/{rel}","templated":true}]}}