{"id":16385,"date":"2020-04-25T16:09:47","date_gmt":"2020-04-25T16:09:47","guid":{"rendered":"https:\/\/corazonanimal.com.mx\/?page_id=16385"},"modified":"2020-05-08T10:11:46","modified_gmt":"2020-05-08T10:11:46","slug":"denuncia-al-centro-de-control-animal","status":"publish","type":"page","link":"https:\/\/corazonanimal.com.mx\/es_mx\/denuncia-al-centro-de-control-animal\/","title":{"rendered":"Denuncia al Centro de Control Animal"},"content":{"rendered":"<div id=\"cmsmasters_row_837hyclbj\" class=\"cmsmasters_row cmsmasters_color_scheme_default cmsmasters_row_top_default cmsmasters_row_bot_default cmsmasters_row_boxed\">\n<div class=\"cmsmasters_row_outer_parent\">\n<div class=\"cmsmasters_row_outer\">\n<div class=\"cmsmasters_row_inner cmsmasters_row_no_margin\">\n<div class=\"cmsmasters_row_margin\">\n<div id=\"cmsmasters_column_4s8lbww4v\" class=\"cmsmasters_column one_first\">\n<div class=\"cmsmasters_column_inner\"><div id=\"cmsmasters_heading_9s600iksbd\" class=\"cmsmasters_heading_wrap cmsmasters_heading_align_center\">\n\t<h2 class=\"cmsmasters_heading\">RESCATE ANIMAL<\/h2>\n<\/div><div class=\"cmsmasters_text\">\n<p style=\"text-align: center;\">\u00c9stos son algunos de los animales que hemos rescatado y rehabilitado.<br \/>\nLa Mayoria no han tenido la oportunidad de ser adoptados.<\/p>\n<p style=\"text-align: center;\">T\u00fa puedes ayudar a mejorar su vida.<\/p>\n<\/div>\n<\/div><\/div>\n<\/div>\n<\/div>\n<\/div>\n<\/div>\n<\/div>\n<div id=\"cmsmasters_row_u5v5hofz3c\" class=\"cmsmasters_row cmsmasters_color_scheme_default cmsmasters_row_top_default cmsmasters_row_bot_default cmsmasters_row_boxed\">\n<div class=\"cmsmasters_row_outer_parent\">\n<div class=\"cmsmasters_row_outer\">\n<div class=\"cmsmasters_row_inner\">\n<div class=\"cmsmasters_row_margin\">\n<div id=\"cmsmasters_column_kg44akda8r\" class=\"cmsmasters_column one_half\">\n<div class=\"cmsmasters_column_inner\"><div class=\"cmsmasters_img  cmsmasters_image_n\" data-animation=\"fadeInDown\" data-delay=\"0\"><img decoding=\"async\" src=\"https:\/\/corazonanimal.com.mx\/wp-content\/uploads\/2019\/08\/43t4t43.jpg\" \/><\/div>\n<div id=\"cmsmasters_divider_0wu32c5e6l\" class=\"cmsmasters_divider cmsmasters_divider_width_long cmsmasters_divider_pos_center\"><\/div>\n<div class=\"cmsmasters_img  cmsmasters_image_n\" data-animation=\"fadeInDown\" data-delay=\"0\"><img decoding=\"async\" src=\"https:\/\/corazonanimal.com.mx\/wp-content\/uploads\/2019\/08\/34t43t4ggg4.jpg\" \/><\/div>\n<\/div><\/div>\n<div id=\"cmsmasters_column_kzjf92s07w\" class=\"cmsmasters_column one_half\">\n<div class=\"cmsmasters_column_inner\"><div class=\"cmsmasters_img  cmsmasters_image_n\" data-animation=\"fadeInUpBig\" data-delay=\"0\"><img decoding=\"async\" src=\"https:\/\/corazonanimal.com.mx\/wp-content\/uploads\/2019\/08\/34t43t43.jpg\" \/><\/div>\n<div id=\"cmsmasters_divider_c445m13exm\" class=\"cmsmasters_divider cmsmasters_divider_width_long cmsmasters_divider_pos_center\"><\/div>\n<div class=\"cmsmasters_img  cmsmasters_image_n\" data-animation=\"fadeInDown\" data-delay=\"0\"><img decoding=\"async\" src=\"https:\/\/corazonanimal.com.mx\/wp-content\/uploads\/2019\/08\/34r4343.jpg\" \/><\/div>\n<\/div><\/div>\n<\/div>\n<\/div>\n<\/div>\n<\/div>\n<\/div>\n<div id=\"cmsmasters_row_uhn6obdztg\" class=\"cmsmasters_row cmsmasters_color_scheme_default cmsmasters_row_top_default cmsmasters_row_bot_default cmsmasters_row_boxed\">\n<div class=\"cmsmasters_row_outer_parent\">\n<div class=\"cmsmasters_row_outer\">\n<div class=\"cmsmasters_row_inner\">\n<div class=\"cmsmasters_row_margin\">\n<div id=\"cmsmasters_column_uqxw29l5pa\" class=\"cmsmasters_column one_first\">\n<div class=\"cmsmasters_column_inner\"><div id=\"cmsmasters_heading_6afsmgfad5\" class=\"cmsmasters_heading_wrap cmsmasters_heading_align_center\">\n\t<h2 class=\"cmsmasters_heading\">PROTOCOLO DE RESCATE<\/h2>\n<\/div><div class=\"cmsmasters_text\">\n<p style=\"text-align: center;\"><span style=\"font-size: 14pt;\"><b>Denuncia al Centro de Control Animal<\/b><\/span><\/p>\n<\/div>\n<\/div><\/div>\n<\/div>\n<\/div>\n<\/div>\n<\/div>\n<\/div>\n<div id=\"cmsmasters_row_znrs8o6xlo\" class=\"cmsmasters_row cmsmasters_color_scheme_default cmsmasters_row_top_default cmsmasters_row_bot_default cmsmasters_row_boxed\">\n<div id=\"nosotros\" class=\"cmsmasters_row_outer_parent\">\n<div class=\"cmsmasters_row_outer\">\n<div class=\"cmsmasters_row_inner\">\n<div class=\"cmsmasters_row_margin\">\n<div id=\"cmsmasters_column_bwhbnafa8q\" class=\"cmsmasters_column one_half\">\n<div class=\"cmsmasters_column_inner\"><ul id=\"cmsmasters_icon_list_items_ib1b0k7b9l\" class=\"cmsmasters_icon_list_items cmsmasters_icon_list_type_block cmsmasters_icon_list_pos_left cmsmasters_color_type_border cmsmasters_icon_list_icon_type_number\"><li id=\"cmsmasters_icon_list_item_r6c67qehoq\" class=\"cmsmasters_icon_list_item\">\n<div class=\"cmsmasters_icon_list_item_inner\">\n<div class=\"cmsmasters_icon_list_icon_wrap\">\n<span class=\"cmsmasters_icon_list_icon \"><\/span>\n<\/div>\n<div class=\"cmsmasters_icon_list_item_content\">\n<h4 class=\"cmsmasters_icon_list_item_title\">Llama al 7334839<\/h4>\n<div class=\"cmsmasters_icon_list_item_text\">\n<\/div>\n<\/div>\n<\/div>\n<\/li><li id=\"cmsmasters_icon_list_item_v5nazxangq\" class=\"cmsmasters_icon_list_item\">\n<div class=\"cmsmasters_icon_list_item_inner\">\n<div class=\"cmsmasters_icon_list_icon_wrap\">\n<span class=\"cmsmasters_icon_list_icon \"><\/span>\n<\/div>\n<div class=\"cmsmasters_icon_list_item_content\">\n<h4 class=\"cmsmasters_icon_list_item_title\">Obt\u00e9n tu folio de reporte<\/h4>\n<div class=\"cmsmasters_icon_list_item_text\">\n<\/div>\n<\/div>\n<\/div>\n<\/li><li id=\"cmsmasters_icon_list_item_omm3nwby1f\" class=\"cmsmasters_icon_list_item\">\n<div class=\"cmsmasters_icon_list_item_inner\">\n<div class=\"cmsmasters_icon_list_icon_wrap\">\n<span class=\"cmsmasters_icon_list_icon \"><\/span>\n<\/div>\n<div class=\"cmsmasters_icon_list_item_content\">\n<h4 class=\"cmsmasters_icon_list_item_title\">Obt\u00e9n tu folio de reporte<\/h4>\n<div class=\"cmsmasters_icon_list_item_text\">\n<p><span style=\"font-weight: 400;\">Con tu Denuncia adquieres la personalidad jur\u00eddica para estar al pendiente de la visita de inspecci\u00f3n<\/span><\/p>\n<\/div>\n<\/div>\n<\/div>\n<\/li><\/ul>\n<div id=\"cmsmasters_divider_eop48dy61c\" class=\"cl\"><\/div>\n<\/div><\/div>\n<div id=\"cmsmasters_column_4sudg7y4ts\" class=\"cmsmasters_column one_half\">\n<div class=\"cmsmasters_column_inner\"><div class=\"cmsmasters_img  cmsmasters_image_n\" data-animation=\"flipInX\" data-delay=\"0\"><img decoding=\"async\" src=\"https:\/\/corazonanimal.com.mx\/wp-content\/uploads\/2020\/03\/FLOPY-ANTES.jpeg\" \/><\/div>\n<\/div><\/div>\n<\/div>\n<\/div>\n<\/div>\n<\/div>\n<\/div>\n<div id=\"cmsmasters_row_u1sc3fy12u\" class=\"cmsmasters_row cmsmasters_color_scheme_default cmsmasters_row_top_default cmsmasters_row_bot_default cmsmasters_row_boxed\">\n<div class=\"cmsmasters_row_outer_parent\">\n<div class=\"cmsmasters_row_outer\">\n<div class=\"cmsmasters_row_inner\">\n<div class=\"cmsmasters_row_margin\">\n<div id=\"cmsmasters_column_sb72t4t8yq\" class=\"cmsmasters_column one_first\">\n<div class=\"cmsmasters_column_inner\"><div class=\"cmsmasters_text\">\n<h2 style=\"text-align: center;\"><strong><span style=\"color: #ffffff; font-family: helvetica, arial, sans-serif;\">22 Millones de perros hay en nuestro pa\u00eds, de los cuales se estima que 10 millones est\u00e1n en situaci\u00f3n de calle<\/span><\/strong><\/h2>\n<\/div>\n<div id=\"cmsmasters_divider_irq7nd7l\" class=\"cl\"><\/div>\n<div id=\"cmsmasters_button_td0u23xph\" class=\"button_wrap\"><a href=\"https:\/\/corazonanimal.com.mx\/confirmacion-de-donacion\/\" class=\"cmsmasters_button\"><span>\u00bfTe gustar\u00eda ayudar a nuestro refugio?<\/span><\/a><\/div>\n<\/div><\/div>\n<\/div>\n<\/div>\n<\/div>\n<\/div>\n<\/div>\n<div id=\"cmsmasters_row_ujn87wfyxh\" class=\"cmsmasters_row cmsmasters_color_scheme_default cmsmasters_row_top_default cmsmasters_row_bot_default cmsmasters_row_boxed\">\n<div class=\"cmsmasters_row_outer_parent\">\n<div class=\"cmsmasters_row_outer\">\n<div class=\"cmsmasters_row_inner\">\n<div class=\"cmsmasters_row_margin\">\n<div id=\"cmsmasters_column_ickhs8kvg8\" class=\"cmsmasters_column one_first\">\n<div class=\"cmsmasters_column_inner\"><div id=\"cmsmasters_divider_3lqpsbqzdi\" class=\"cl\"><\/div>\n<div class=\"cmsmasters_text\">\n<h2 style=\"text-align: center;\">Ay\u00fadanos a rescatar y encontrarle un hogar<\/h2>\n<\/div>\n<\/div><\/div>\n<\/div>\n<\/div>\n<\/div>\n<\/div>\n<\/div>\n<div id=\"cmsmasters_row_33iv9wokij\" class=\"cmsmasters_row cmsmasters_color_scheme_default cmsmasters_row_top_default cmsmasters_row_bot_default cmsmasters_row_boxed\">\n<div class=\"cmsmasters_row_outer_parent\">\n<div class=\"cmsmasters_row_outer\">\n<div class=\"cmsmasters_row_inner\">\n<div class=\"cmsmasters_row_margin\">\n<div id=\"cmsmasters_column_ryppo01xh\" class=\"cmsmasters_column two_third\">\n<div class=\"cmsmasters_column_inner\"><div id=\"cmsmasters_divider_arsns6y7w\" class=\"cl\"><\/div>\n<div class=\"cmsmasters_text\" data-animation=\"fadeInUp\" data-delay=\"0\">\n<h3 style=\"text-align: center;\"><span style=\"font-weight: 400;\"><strong>Millones de animales son v\u00edctimas todos los d\u00edas de maltratos, enfermedades, hambre y atropellamientos.<\/strong> <\/span><\/h3>\n<h3 style=\"text-align: center;\"><span style=\"font-weight: 400;\">Entonces, aunque no puedas adoptar a un nuevo amigo, ayudarle a que est\u00e9 en buena condici\u00f3n de salud y a que encuentre un hogar ya hace la diferencia.\u00a0<\/span><\/h3>\n<\/div>\n<\/div><\/div>\n<div id=\"cmsmasters_column_hokv1f7ac\" class=\"cmsmasters_column one_third\">\n<div class=\"cmsmasters_column_inner\"><div id=\"cmsmasters_divider_ol4ldgi1ji\" class=\"cl\"><\/div>\n<div class=\"aligncenter\"><div class=\"cmsmasters_img  cmsmasters_image_c\"><img decoding=\"async\" src=\"https:\/\/corazonanimal.com.mx\/wp-content\/uploads\/2020\/04\/IMG-20191125-WA0010.jpg\" \/><\/div><\/div>\n<\/div><\/div>\n<\/div>\n<\/div>\n<\/div>\n<\/div>\n<\/div>\n<div id=\"cmsmasters_row_pw4aj9g86q\" class=\"cmsmasters_row cmsmasters_color_scheme_default cmsmasters_row_top_default cmsmasters_row_bot_default cmsmasters_row_boxed\">\n<div class=\"cmsmasters_row_outer_parent\">\n<div class=\"cmsmasters_row_outer\">\n<div class=\"cmsmasters_row_inner\">\n<div class=\"cmsmasters_row_margin\">\n<div id=\"cmsmasters_column_a4jw3nqi6p\" class=\"cmsmasters_column one_third\">\n<div class=\"cmsmasters_column_inner\"><div class=\"aligncenter\"><div class=\"cmsmasters_img  cmsmasters_image_c\" data-animation=\"flipInX\" data-delay=\"0\"><img decoding=\"async\" src=\"https:\/\/corazonanimal.com.mx\/wp-content\/uploads\/2020\/05\/graficos-corazon-animal_Mesa-de-trabajo-1.png\" \/><\/div><\/div>\n<\/div><\/div>\n<div id=\"cmsmasters_column_65nccza3yl\" class=\"cmsmasters_column two_third\">\n<div class=\"cmsmasters_column_inner\"><div class=\"cmsmasters_text\" data-animation=\"fadeInUp\" data-delay=\"0\">\n<ol>\n<li style=\"font-weight: 400;\"><span style=\"font-weight: 400; font-size: 14pt;\">Consigue un collar con correa, una manta o camiseta vieja y alimento para perros\u00a0 o pan <span style=\"font-size: 10pt;\">(que es casi irresistible para ellos).<\/span><\/span><\/li>\n<li style=\"font-weight: 400;\"><span style=\"font-weight: 400; font-size: 14pt;\">D\u00e9jale alimento a una distancia prudente y al\u00e9jate.<\/span><\/li>\n<li style=\"font-weight: 400;\"><span style=\"font-weight: 400; font-size: 14pt;\">Si\u00e9ntate al lado pero no tan cerca, tampoco de frente ni con alguna actitud temeraria.<\/span><\/li>\n<li style=\"font-weight: 400;\"><span style=\"font-weight: 400; font-size: 14pt;\">Con paciencia le sigues poniendo alimento cada vez m\u00e1s cerca tuyo hasta que literalmente lo tengas comiendo de tu mano.<\/span><\/li>\n<li style=\"font-weight: 400;\"><span style=\"font-weight: 400; font-size: 14pt;\">Ganar su confianza con paciencia es fundamental ya que por lo general un perro callejero no est\u00e1 acostumbrado al cari\u00f1o ni caricias, por el contrario siempre est\u00e1 a la espera de maltrato, as\u00ed que debes esperar a que este permita el contacto f\u00edsico suavemente.<\/span><\/li>\n<li style=\"font-weight: 400;\"><span style=\"font-weight: 400; font-size: 14pt;\">Le colocas el collar sin jalar y le sigues acariciando y alimentando.<\/span><\/li>\n<li style=\"font-weight: 400;\"><span style=\"font-weight: 400; font-size: 14pt;\">Ya va a tener m\u00e1s confianza y puedes ponerle bien la correa al collar.<\/span><\/li>\n<\/ol>\n<\/div>\n<\/div><\/div>\n<\/div>\n<\/div>\n<\/div>\n<\/div>\n<\/div>\n<div id=\"cmsmasters_row_4vnkv7o92m\" class=\"cmsmasters_row cmsmasters_color_scheme_default cmsmasters_row_top_default cmsmasters_row_bot_default cmsmasters_row_boxed\">\n<div class=\"cmsmasters_row_outer_parent\">\n<div class=\"cmsmasters_row_outer\">\n<div class=\"cmsmasters_row_inner\">\n<div class=\"cmsmasters_row_margin\">\n<div id=\"cmsmasters_column_2ctcd9r2ud\" class=\"cmsmasters_column one_first\">\n<div class=\"cmsmasters_column_inner\"><div id=\"cmsmasters_divider_jekdbuhy6\" class=\"cmsmasters_divider cmsmasters_divider_width_long cmsmasters_divider_pos_center\"><\/div>\n<\/div><\/div>\n<\/div>\n<\/div>\n<\/div>\n<\/div>\n<\/div>\n<div id=\"cmsmasters_row_uo9vd1d2y\" class=\"cmsmasters_row cmsmasters_color_scheme_default cmsmasters_row_top_default cmsmasters_row_bot_default cmsmasters_row_boxed\">\n<div class=\"cmsmasters_row_outer_parent\">\n<div class=\"cmsmasters_row_outer\">\n<div class=\"cmsmasters_row_inner\">\n<div class=\"cmsmasters_row_margin\">\n<div id=\"cmsmasters_column_lsfnmhv0h\" class=\"cmsmasters_column two_third\">\n<div class=\"cmsmasters_column_inner\"><div class=\"cmsmasters_text\" data-animation=\"fadeInUp\" data-delay=\"0\">\n<ol>\n<li><span style=\"font-size: 14pt;\">En cuanto puedas c\u00e1rgalo y ll\u00e9valo a casa, si est\u00e1 muy maltratada su piel con alg\u00fan tipo de infecci\u00f3n o enfermedad c\u00fabrelo con la manta o camiseta vieja para no lastimarlo.<\/span><\/li>\n<li><span style=\"font-size: 14pt;\">Ya en casa recuerda alimentarlo inicialmente con comida casera ya que la dieta de los perros callejeros por lo general son sobras y un cambio brusco hacia el concentrado (pienso) puede causarle indigesti\u00f3n.<\/span><\/li>\n<li><span style=\"font-size: 14pt;\">Ofr\u00e9cele una cama bien abrigada, con unas camisetas viejas bastar\u00e1 por ahora.<\/span><\/li>\n<\/ol>\n<\/div>\n<\/div><\/div>\n<div id=\"cmsmasters_column_kwbzesx27j\" class=\"cmsmasters_column one_third\">\n<div class=\"cmsmasters_column_inner\"><div class=\"aligncenter\"><div class=\"cmsmasters_img  cmsmasters_image_c\" data-animation=\"flipInX\" data-delay=\"0\"><img decoding=\"async\" src=\"https:\/\/corazonanimal.com.mx\/wp-content\/uploads\/2020\/05\/graficos-corazon-animal-02-1.png\" \/><\/div><\/div>\n<\/div><\/div>\n<\/div>\n<\/div>\n<\/div>\n<\/div>\n<\/div>\n<div id=\"cmsmasters_row_ducj7y6j5a\" class=\"cmsmasters_row cmsmasters_color_scheme_default cmsmasters_row_top_default cmsmasters_row_bot_default cmsmasters_row_boxed\">\n<div class=\"cmsmasters_row_outer_parent\">\n<div class=\"cmsmasters_row_outer\">\n<div class=\"cmsmasters_row_inner\">\n<div class=\"cmsmasters_row_margin\">\n<div id=\"cmsmasters_column_ji14bwae3y\" class=\"cmsmasters_column one_first\">\n<div class=\"cmsmasters_column_inner\"><div id=\"cmsmasters_divider_4me40s1uhg\" class=\"cmsmasters_divider cmsmasters_divider_width_long cmsmasters_divider_pos_center\"><\/div>\n<\/div><\/div>\n<\/div>\n<\/div>\n<\/div>\n<\/div>\n<\/div>\n<div id=\"cmsmasters_row_0gc6gik975\" class=\"cmsmasters_row cmsmasters_color_scheme_default cmsmasters_row_top_default cmsmasters_row_bot_default cmsmasters_row_boxed\">\n<div class=\"cmsmasters_row_outer_parent\">\n<div class=\"cmsmasters_row_outer\">\n<div class=\"cmsmasters_row_inner\">\n<div class=\"cmsmasters_row_margin\">\n<div id=\"cmsmasters_column_6g7xhexbe\" class=\"cmsmasters_column one_third\">\n<div class=\"cmsmasters_column_inner\"><div class=\"aligncenter\"><div class=\"cmsmasters_img  cmsmasters_image_c\" data-animation=\"flipInX\" data-delay=\"0\"><img decoding=\"async\" src=\"https:\/\/corazonanimal.com.mx\/wp-content\/uploads\/2020\/05\/graficos-corazon-animal-03-1.png\" \/><\/div><\/div>\n<\/div><\/div>\n<div id=\"cmsmasters_column_oh0jwoa1lw\" class=\"cmsmasters_column two_third\">\n<div class=\"cmsmasters_column_inner\"><div class=\"cmsmasters_text\" data-animation=\"fadeInUp\" data-delay=\"0\">\n<ol>\n<li style=\"font-weight: 400;\"><span style=\"font-size: 14pt;\"><span style=\"font-weight: 400;\">Al d\u00eda siguiente ll\u00e9valo al veterinario para que lo desparasiten y empiecen el\u00a0<\/span><a href=\"https:\/\/notasdemascotas.com\/esquema-de-vacunacion-canina\/\"><b>esquema de vacunaci\u00f3n<\/b><\/a><span style=\"font-weight: 400;\">\u00a0o alg\u00fan tipo de tratamiento si el animal est\u00e1 enfermo.\u00a0<\/span><b>El no tener dinero para la atenci\u00f3n veterinaria no es excusa<\/b><span style=\"font-weight: 400;\">\u00a0para omitir este paso ya que siempre puedes pedir colaboraci\u00f3n de las organizaciones protectoras de animales en tu ciudad, puedes realizar publicaciones con fotos en las redes sociales para que personas amantes de animales te ayuden o tambi\u00e9n coordinar con amigos y personas de la comunidad para realizar alg\u00fan evento (rifa, alcanc\u00edas, etc.) para costear el tratamiento.<\/span><\/span><\/li>\n<li style=\"font-weight: 400;\"><span style=\"font-weight: 400; font-size: 14pt;\">B\u00e1\u00f1alo y ll\u00e9valo a la peluquer\u00eda si es de pelo largo, solo cuando el veterinario lo autorice.<\/span><\/li>\n<li style=\"font-weight: 400;\"><span style=\"font-weight: 400; font-size: 14pt;\">Acost\u00fambralo al alimento concentrado (pienso) gradualmente como indican los empaques, normalmente se debe proporcionar durante el primer d\u00eda el 80% del antiguo alimento y 20% del nuevo, al segundo d\u00eda el 60% del antiguo y 40% del nuevo alimento y as\u00ed sucesivamente hasta realizar el cambio total de alimentaci\u00f3n.<\/span><\/li>\n<\/ol>\n<\/div>\n<\/div><\/div>\n<\/div>\n<\/div>\n<\/div>\n<\/div>\n<\/div>\n<div id=\"cmsmasters_row_9sr5n2d7oa\" class=\"cmsmasters_row cmsmasters_color_scheme_default cmsmasters_row_top_default cmsmasters_row_bot_default cmsmasters_row_boxed\">\n<div class=\"cmsmasters_row_outer_parent\">\n<div class=\"cmsmasters_row_outer\">\n<div class=\"cmsmasters_row_inner\">\n<div class=\"cmsmasters_row_margin\">\n<div id=\"cmsmasters_column_142emsu1dm\" class=\"cmsmasters_column one_first\">\n<div class=\"cmsmasters_column_inner\"><div id=\"cmsmasters_divider_qqu3lj8x24\" class=\"cmsmasters_divider cmsmasters_divider_width_long cmsmasters_divider_pos_center\"><\/div>\n<\/div><\/div>\n<\/div>\n<\/div>\n<\/div>\n<\/div>\n<\/div>\n<div id=\"cmsmasters_row_oywx9ryz5l\" class=\"cmsmasters_row cmsmasters_color_scheme_default cmsmasters_row_top_default cmsmasters_row_bot_default cmsmasters_row_boxed\">\n<div class=\"cmsmasters_row_outer_parent\">\n<div class=\"cmsmasters_row_outer\">\n<div class=\"cmsmasters_row_inner\">\n<div class=\"cmsmasters_row_margin\">\n<div id=\"cmsmasters_column_umas0y0utd\" class=\"cmsmasters_column two_third\">\n<div class=\"cmsmasters_column_inner\"><div class=\"cmsmasters_text\" data-animation=\"fadeInUp\" data-delay=\"0\">\n<ol>\n<li style=\"font-weight: 400;\"><span style=\"font-size: 14pt;\"><span style=\"font-weight: 400;\">Si est\u00e1 en tratamiento espera que se recupere totalmente para luego darlo en adopci\u00f3n con\u00a0<\/span><b>compromiso de\u00a0<\/b><a href=\"https:\/\/notasdemascotas.com\/la-esterilizacion-o-castracion-en-animales-domesticos\/\"><b>esterilizaci\u00f3n<\/b><\/a><span style=\"font-weight: 400;\">.<\/span><\/span><\/li>\n<li style=\"font-weight: 400;\"><span style=\"font-weight: 400; font-size: 14pt;\">Si solo le est\u00e1s brindando hogar temporal lo m\u00e1s apropiado es contactar a alguna organizaci\u00f3n protectora de animales para que te asesore en el proceso de buscarle un hogar responsable, tambi\u00e9n puedes tomarle fotos y publicarlas en redes sociales como disponible para adopci\u00f3n.<\/span><\/li>\n<li style=\"font-weight: 400;\"><span style=\"font-weight: 400; font-size: 14pt;\">Utilizar las redes es la mejor manera para encontrar un due\u00f1o, antiguo o nuevo. Utiliza tu perfil en las redes sociales, sea Facebook, Twitter, Instagram o sitios de adopci\u00f3n de animales. \u00a1Lo importante es hacerte escuchar! <\/span>\n<ul>\n<li style=\"font-weight: 400;\"><span style=\"font-size: 12pt;\">Lo ideal es entregar el animal a su nueva familia ya esterilizado, pero si no es posible en su nuevo hogar se deben comprometer por medio de un documento a hacer esterilizar al animal, esto con el fin de evitar m\u00e1s abandonos en un futuro.<\/span><\/li>\n<li style=\"font-weight: 400;\"><span style=\"font-size: 12pt;\">No lo des en adopci\u00f3n a cualquier persona. Mucha gente puede ver adorable a un animal y adoptarlo por impulso, sin darse cuenta que un animal es una responsabilidad de 10 a 20 a\u00f1os. Si un perro o gato que ayudaste termina en un hogar donde no es bien alimentado o sufre de malos tratos, \u00bfde que sirve? Procura conocer a la persona, pregunta si ella tiene otros animales, consigue sus datos personales y solicita que firme un documento de responsabilidades, comprometi\u00e9ndose a no abandonar y a cuidar al animal.T\u00f3male una foto, cuenta c\u00f3mo encontraste al animal y brinda detalles de su personalidad. \u00bfEs muy d\u00f3cil? \u00bfJuguet\u00f3n? \u00bfLe gusta que le acaricien el cuello, o detr\u00e1s de las orejas? Esto ayuda a que las personas creen un v\u00ednculo emocional con el animalito y quieran adoptarlo. Detalla tambi\u00e9n su tama\u00f1o y edad aproximada, y no olvides de poner p\u00fablico el \u00e1lbum de fotos, para que sea f\u00e1cil de compartir, de etiquetar a amigos, divulgar en p\u00e1ginas, etc.<\/span><\/li>\n<li style=\"font-weight: 400;\"><span style=\"font-size: 12pt;\">T\u00f3male fotos con sus padres adoptivos para el recuerdo. Tambi\u00e9n puedes adoptarlo ya que estos animales se nos roban el coraz\u00f3n y muchas veces es pr\u00e1cticamente imposible dejarlos ir con otra familia debido a que se ganan el cari\u00f1o de todos f\u00e1cilmente.<\/span><\/li>\n<\/ul>\n<\/li>\n<\/ol>\n<\/div>\n<\/div><\/div>\n<div id=\"cmsmasters_column_sgld9mprv\" class=\"cmsmasters_column one_third\">\n<div class=\"cmsmasters_column_inner\"><div class=\"aligncenter\"><div class=\"cmsmasters_img  cmsmasters_image_c\" data-animation=\"flipInX\" data-delay=\"0\"><img decoding=\"async\" src=\"https:\/\/corazonanimal.com.mx\/wp-content\/uploads\/2020\/05\/graficos-corazon-animal-04-1.png\" \/><\/div><\/div>\n<\/div><\/div>\n<\/div>\n<\/div>\n<\/div>\n<\/div>\n<\/div>\n<div id=\"cmsmasters_row_sc3b9hzljp\" class=\"cmsmasters_row cmsmasters_color_scheme_default cmsmasters_row_top_default cmsmasters_row_bot_default cmsmasters_row_boxed\">\n<div class=\"cmsmasters_row_outer_parent\">\n<div class=\"cmsmasters_row_outer\">\n<div class=\"cmsmasters_row_inner\">\n<div class=\"cmsmasters_row_margin\">\n<div id=\"cmsmasters_column_yvnzvpk2jz\" class=\"cmsmasters_column one_first\">\n<div class=\"cmsmasters_column_inner\"><div class=\"cmsmasters_text\">\n<h1 style=\"text-align: center;\"><span style=\"color: #800080;\">\u00a1Gracias<\/span><\/h1>\n<p style=\"text-align: center;\"><span style=\"font-size: 18pt; color: #800080;\">por ayudarnos a cuidar de ellos!<\/span><\/p>\n<\/div>\n<\/div><\/div>\n<\/div>\n<\/div>\n<\/div>\n<\/div>\n<\/div>\n","protected":false},"excerpt":{"rendered":"","protected":false},"author":2,"featured_media":0,"parent":0,"menu_order":0,"comment_status":"closed","ping_status":"closed","template":"","meta":{"_exactmetrics_skip_tracking":false,"_exactmetrics_sitenote_active":false,"_exactmetrics_sitenote_note":"","_exactmetrics_sitenote_category":0,"_EventAllDay":false,"_EventTimezone":"","_EventStartDate":"","_EventEndDate":"","_EventStartDateUTC":"","_EventEndDateUTC":"","_EventShowMap":false,"_EventShowMapLink":false,"_EventURL":"","_EventCost":"","_EventCostDescription":"","_EventCurrencySymbol":"","_EventCurrencyCode":"","_EventCurrencyPosition":"","_EventDateTimeSeparator":"","_EventTimeRangeSeparator":"","_EventOrganizerID":[],"_EventVenueID":[],"_OrganizerEmail":"","_OrganizerPhone":"","_OrganizerWebsite":"","_VenueAddress":"","_VenueCity":"","_VenueCountry":"","_VenueProvince":"","_VenueState":"","_VenueZip":"","_VenuePhone":"","_VenueURL":"","_VenueStateProvince":"","_VenueLat":"","_VenueLng":"","_VenueShowMap":false,"_VenueShowMapLink":false,"footnotes":""},"aioseo_notices":[],"_links":{"self":[{"href":"https:\/\/corazonanimal.com.mx\/es_mx\/wp-json\/wp\/v2\/pages\/16385"}],"collection":[{"href":"https:\/\/corazonanimal.com.mx\/es_mx\/wp-json\/wp\/v2\/pages"}],"about":[{"href":"https:\/\/corazonanimal.com.mx\/es_mx\/wp-json\/wp\/v2\/types\/page"}],"author":[{"embeddable":true,"href":"https:\/\/corazonanimal.com.mx\/es_mx\/wp-json\/wp\/v2\/users\/2"}],"replies":[{"embeddable":true,"href":"https:\/\/corazonanimal.com.mx\/es_mx\/wp-json\/wp\/v2\/comments?post=16385"}],"version-history":[{"count":0,"href":"https:\/\/corazonanimal.com.mx\/es_mx\/wp-json\/wp\/v2\/pages\/16385\/revisions"}],"wp:attachment":[{"href":"https:\/\/corazonanimal.com.mx\/es_mx\/wp-json\/wp\/v2\/media?parent=16385"}],"curies":[{"name":"wp","href":"https:\/\/api.w.org\/{rel}","templated":true}]}}