{"id":3,"date":"2019-07-15T15:56:12","date_gmt":"2019-07-15T15:56:12","guid":{"rendered":"https:\/\/corazonanimal.com.mx\/?page_id=3"},"modified":"2020-03-31T00:04:27","modified_gmt":"2020-03-31T00:04:27","slug":"politica-privacidad","status":"publish","type":"page","link":"https:\/\/corazonanimal.com.mx\/es_mx\/politica-privacidad\/","title":{"rendered":"Pol\u00edtica de privacidad"},"content":{"rendered":"<h2 style=\"text-align: justify;\">POL\u00cdTICA DE PRIVACIDAD Y DATOS PERSONALES<\/h2>\r\n<p style=\"text-align: justify;\">La Fundaci\u00f3n Coraz\u00f3n Animal de Guanajuato, est\u00e1 consciente de la importancia que representa para usted, el uso y tratamiento que le damos a su informaci\u00f3n personal y el modo en que la compartimos, as\u00ed mismo, agradecemos su confianza en que lo realizaremos con el debido cuidado y prudencia.<\/p>\r\n<p style=\"text-align: justify;\">Para contactarnos: Fundaci\u00f3n Coraz\u00f3n Animal de Guanajuato\r\nDirecci\u00f3n de correo electr\u00f3nico: santuario@corazonanimal.com.mx\r\nResponsable de la atenci\u00f3n y tratamiento de datos personales: Jorge Alberto Andrade Aldana.<\/p>\r\n<p style=\"text-align: justify;\">El presente aviso describe nuestra pol\u00edtica de privacidad. Al visitar nuestro Sitio Web usted acepta las pr\u00e1cticas descritas en el presente Aviso de Privacidad.<\/p>\r\n<p style=\"text-align: justify;\">\u00bfQu\u00e9 datos personales recaba la Fundaci\u00f3n Coraz\u00f3n Animal y para qu\u00e9 fines son utilizados esos datos personales? La informaci\u00f3n personal que recabamos de nuestros usuarios y visitantes ser\u00e1 exclusivamente para integrar las solicitudes de adopci\u00f3n o en su defecto cualquier otro proceso que pueda desprenderse con motivo del registro de un curso o actividad tendiente a satisfacer el objeto de la asociaci\u00f3n civil, como lo son:\r\nI. Ejecutar programas de concientizaci\u00f3n sobre el cuidado a los animales dom\u00e9sticos.\r\nII. Orientar y motivar actividades para la educaci\u00f3n sobre el cuidado de los animales.\r\nIII. Realizar actividades que despierten en los ni\u00f1os y adolescentes el sentido humano al escoger una mascota.\r\nIV. Fomentar a trav\u00e9s de actividades el lazo de amistad y amor entre los seres humanos y los animales.\r\nV. Difundir los derechos de los animales.\r\nVI. Fomentar el cumplimiento de las Leyes de protecci\u00f3n animal.\r\nVII. Concientizar a las personas sobre los efectos del abandono de los animales.\r\nVIII. Orientar sobre las denuncias de maltrato animal a las autoridades competentes.\r\nIX. Promover, impulsar y fortalecer los convenios necesarios para lograr el desarrollo y cumplimiento de las finalidades propias de la Asociaci\u00f3n.\r\nX. Desarrollar por si misma o por intermedio de otras instituciones u organizaciones p\u00fablicas y privadas, nacionales o extranjeras el cumplimiento de los objetivos de la Fundaci\u00f3n Coraz\u00f3n Animal.<\/p>\r\n<p style=\"text-align: justify;\">Tratamiento de los datos personales.<\/p>\r\n<p style=\"text-align: justify;\">En la Fundaci\u00f3n Coraz\u00f3n Animal nos obligamos a que todos los datos personales, seg\u00fan se definen en la Ley Federal de Protecci\u00f3n de Datos\r\nPersonales en Posesi\u00f3n de los Particulares, y su reglamento, ser\u00e1n tratados con la mayor cautela y de manera confidencial, resguard\u00e1ndolos en todo tiempo, manteniendo y estableciendo medidas de seguridad administrativas, t\u00e9cnicas y f\u00edsicas que permitan proteger los datos personales contra da\u00f1o, p\u00e9rdida, alteraci\u00f3n, destrucci\u00f3n o el uso, acceso o tratamiento no autorizado, observando en todo tiempo principios de licitud, consentimiento, informaci\u00f3n, calidad, finalidad, lealtad, proporcionalidad y responsabilidad en cuanto a dichos datos.<\/p>\r\n<p style=\"text-align: justify;\">A su vez, los visitantes y usuarios aceptan incondicionalmente la pol\u00edtica de privacidad que se encuentra en el presente Sitio Web, mismo que reconoce haber le\u00eddo ya estar al tanto de las implicaciones y alcance del mismo.<\/p>\r\n<p style=\"text-align: justify;\">Confidencialidad de expedientes.<\/p>\r\n<p style=\"text-align: justify;\">La Fundaci\u00f3n Coraz\u00f3n Animal se obligan a que toda la documentaci\u00f3n e informaci\u00f3n de cualquier naturaleza y dem\u00e1s informaci\u00f3n o documentos que le sea proporcionada para integrar un expediente de adopci\u00f3n tendr\u00e1n el car\u00e1cter de \u201cInformaci\u00f3n Confidencial\u201d, por ende la Fundaci\u00f3n se obligan a mantener la confidencialidad de dicha Informaci\u00f3n Confidencial y de usarla \u00fanicamente en el proceso de adopci\u00f3n y de su protocolo, as\u00ed como a no divulgar dicha informaci\u00f3n a persona alguna (salvo a sus socios o empleados y que est\u00e9n de acuerdo en someterse a sus t\u00e9rminos)<\/p>\r\n<p style=\"text-align: justify;\">Las disposiciones del p\u00e1rrafo anterior no ser\u00e1n aplicables a:\r\n(i) Informaci\u00f3n Confidencial que se convierta en informaci\u00f3n del dominio p\u00fablico pero que no haya sido divulgada por cualquiera de las Partes (o por cualquier otra persona a la que las Partes le haya proporcionado dicha informaci\u00f3n);\r\n(ii) La Informaci\u00f3n Confidencial que obtenga cualquiera de las Partes por alguna fuente que no tenga prohibido divulgar dicha informaci\u00f3n por disposici\u00f3n legal u obligaci\u00f3n contractual;\r\n(iii) La Informaci\u00f3n Confidencial que por ley o por orden judicial o de alguna autoridad gubernamental deba ser divulgada;\r\n(iv) No se considerar\u00e1 Informaci\u00f3n Confidencial el contenido de las Campa\u00f1as que se publiquen en el Sitio Web y el uso de dicha informaci\u00f3n se estar\u00e1 a lo establecido en supra l\u00edneas.<\/p>\r\n<p style=\"text-align: justify;\">Informaci\u00f3n autom\u00e1tica: Recibimos y almacenamos ciertos tipos de informaci\u00f3n, cada vez que usted interact\u00faa con nosotros. Por ejemplo, al igual que hacen muchas otras p\u00e1ginas Web, utilizamos las \u201ccookies\u201d para recabar ciertos tipos de informaci\u00f3n cuando su navegador de Internet accede a nuestro Sitio Web.<\/p>\r\n<p style=\"text-align: justify;\">Comunicaciones v\u00eda Correo Electr\u00f3nico: Para ayudarnos a que los correos electr\u00f3nicos que le enviamos sean m\u00e1s \u00fatiles e interesantes, habitualmente recibimos una confirmaci\u00f3n, en el caso de que su computadora soporte este tipo de tareas, cuando usted abre un correo electr\u00f3nico enviado por santuario@coraz\u00f3nanimal.com.mx.<\/p>\r\n<p style=\"text-align: justify;\">\u00bfQu\u00e9 son las cookies? Las cookies son identificadores \u00fanicos que transferimos a su dispositivo para permitir a nuestros sistemas reconocer su dispositivo y proporcionar caracter\u00edsticas, anuncios personalizados en sus visitas.<\/p>\r\n<p style=\"text-align: justify;\">En la funci\u00f3n de Ayuda de la mayor\u00eda de los navegadores se indica c\u00f3mo configurar su navegador para que no acepte cookies, para que le notifique cada vez que reciba una nueva cookie, o para desactivar todas las cookies. Asimismo, puede deshabilitar o eliminar similares que fueron utilizados por los complementos de los navegadores, tales como Flash Cookies, cambiando los ajustes de las extensiones o visitando la p\u00e1gina Web de su fabricante. Sin embargo, le recomendamos que deje habilitadas las cookies a fin de aprovechar muchas de las funciones esenciales de nuestro Sitio Web.<\/p>\r\n<p style=\"text-align: justify;\">\u00bfQu\u00e9 opciones tengo en cuanto a mis datos personales y c\u00f3mo puedo ejercer mis derechos ARCO? Como hemos indicado, usted siempre tiene la posibilidad de elegir no proporcionar informaci\u00f3n, a pesar de que \u00e9sta pueda ser necesaria para realizar una compra o para aprovechar algunas de las funciones de nuestro Sitio Web.<\/p>\r\n<p style=\"text-align: justify;\">Si desea ejercer su derecho de acceso, rectificaci\u00f3n, oposici\u00f3n o cancelar nuestro tratamiento de sus datos personales, o revocar su consentimiento para el tratamiento de sus datos personales, por favor p\u00f3ngase en contacto con nosotros por correo electr\u00f3nico\r\na santuario@corazonanimal.com.mx<\/p>\r\n<p style=\"text-align: justify;\">Condiciones de uso, avisos y comentarios. Si usted tiene cualquier inquietud en relaci\u00f3n con la privacidad en corazonanimal.com.mx, le rogamos nos contacte a santuario@corazonanimal.com.mx con una descripci\u00f3n detallada y nosotros trataremos de resolverla. Debido al desarrollo continuo de nuestro Sitio Web, este Aviso de Privacidad y las \u201ccondiciones de uso\u201d podr\u00e1n igualmente modificarse. Podremos enviarle peri\u00f3dicamente recordatorios sobre nuestros avisos y condiciones a trav\u00e9s del correo electr\u00f3nico.<\/p>","protected":false},"excerpt":{"rendered":"POL\u00cdTICA DE PRIVACIDAD Y DATOS PERSONALES La Fundaci\u00f3n Coraz\u00f3n Animal de Guanajuato, est\u00e1 consciente de la importancia que representa para usted, el uso y tratamiento que le damos a su&#8230;","protected":false},"author":2,"featured_media":0,"parent":0,"menu_order":0,"comment_status":"closed","ping_status":"open","template":"","meta":{"_exactmetrics_skip_tracking":false,"_exactmetrics_sitenote_active":false,"_exactmetrics_sitenote_note":"","_exactmetrics_sitenote_category":0,"_EventAllDay":false,"_EventTimezone":"","_EventStartDate":"","_EventEndDate":"","_EventStartDateUTC":"","_EventEndDateUTC":"","_EventShowMap":false,"_EventShowMapLink":false,"_EventURL":"","_EventCost":"","_EventCostDescription":"","_EventCurrencySymbol":"","_EventCurrencyCode":"","_EventCurrencyPosition":"","_EventDateTimeSeparator":"","_EventTimeRangeSeparator":"","_EventOrganizerID":[],"_EventVenueID":[],"_OrganizerEmail":"","_OrganizerPhone":"","_OrganizerWebsite":"","_VenueAddress":"","_VenueCity":"","_VenueCountry":"","_VenueProvince":"","_VenueState":"","_VenueZip":"","_VenuePhone":"","_VenueURL":"","_VenueStateProvince":"","_VenueLat":"","_VenueLng":"","_VenueShowMap":false,"_VenueShowMapLink":false,"footnotes":""},"aioseo_notices":[],"_links":{"self":[{"href":"https:\/\/corazonanimal.com.mx\/es_mx\/wp-json\/wp\/v2\/pages\/3"}],"collection":[{"href":"https:\/\/corazonanimal.com.mx\/es_mx\/wp-json\/wp\/v2\/pages"}],"about":[{"href":"https:\/\/corazonanimal.com.mx\/es_mx\/wp-json\/wp\/v2\/types\/page"}],"author":[{"embeddable":true,"href":"https:\/\/corazonanimal.com.mx\/es_mx\/wp-json\/wp\/v2\/users\/2"}],"replies":[{"embeddable":true,"href":"https:\/\/corazonanimal.com.mx\/es_mx\/wp-json\/wp\/v2\/comments?post=3"}],"version-history":[{"count":0,"href":"https:\/\/corazonanimal.com.mx\/es_mx\/wp-json\/wp\/v2\/pages\/3\/revisions"}],"wp:attachment":[{"href":"https:\/\/corazonanimal.com.mx\/es_mx\/wp-json\/wp\/v2\/media?parent=3"}],"curies":[{"name":"wp","href":"https:\/\/api.w.org\/{rel}","templated":true}]}}