{"id":16148,"date":"2020-04-13T22:13:33","date_gmt":"2020-04-13T22:13:33","guid":{"rendered":"https:\/\/corazonanimal.com.mx\/?post_type=product&#038;p=16148"},"modified":"2020-04-13T22:14:22","modified_gmt":"2020-04-13T22:14:22","slug":"paquete-plata","status":"publish","type":"product","link":"https:\/\/corazonanimal.com.mx\/es_mx\/perros\/paquete-plata\/","title":{"rendered":"Paquete Plata"},"content":{"rendered":"Con esta aportaci\u00f3n logramos\r\n<div class=\"cmsmasters_icon_list_item_inner\">\r\n<div class=\"cmsmasters_icon_list_item_content\">\r\n<ul>\r\n \t<li class=\"cmsmasters_icon_list_item_title\">ALIMENTACI\u00d3N<\/li>\r\n \t<li class=\"cmsmasters_icon_list_item_title\">ATENCI\u00d3N M\u00c9DICA<\/li>\r\n \t<li class=\"cmsmasters_icon_list_item_title\">TECHO<\/li>\r\n<\/ul>\r\n<\/div>\r\n<\/div>\r\n<ul id=\"cmsmasters_icon_list_items_sx4r5squ1\" class=\"cmsmasters_icon_list_items cmsmasters_icon_list_type_block cmsmasters_icon_list_pos_left cmsmasters_color_type_border rotateIn animated\" data-animation=\"rotateIn\" data-delay=\"0\"><\/ul>","protected":false},"excerpt":{"rendered":"Con esta aportaci\u00f3n logramos ALIMENTACI\u00d3N ATENCI\u00d3N M\u00c9DICA TECHO","protected":false},"featured_media":15225,"template":"","meta":{"_exactmetrics_skip_tracking":false,"_exactmetrics_sitenote_active":false,"_exactmetrics_sitenote_note":"","_exactmetrics_sitenote_category":0,"_EventAllDay":false,"_EventTimezone":"","_EventStartDate":"","_EventEndDate":"","_EventStartDateUTC":"","_EventEndDateUTC":"","_EventShowMap":false,"_EventShowMapLink":false,"_EventURL":"","_EventCost":"","_EventCostDescription":"","_EventCurrencySymbol":"","_EventCurrencyCode":"","_EventCurrencyPosition":"","_EventDateTimeSeparator":"","_EventTimeRangeSeparator":"","_EventOrganizerID":[],"_EventVenueID":[],"_OrganizerEmail":"","_OrganizerPhone":"","_OrganizerWebsite":"","_VenueAddress":"","_VenueCity":"","_VenueCountry":"","_VenueProvince":"","_VenueState":"","_VenueZip":"","_VenuePhone":"","_VenueURL":"","_VenueStateProvince":"","_VenueLat":"","_VenueLng":"","_VenueShowMap":false,"_VenueShowMapLink":false},"product_cat":[139],"product_tag":[],"aioseo_notices":[],"_links":{"self":[{"href":"https:\/\/corazonanimal.com.mx\/es_mx\/wp-json\/wp\/v2\/product\/16148"}],"collection":[{"href":"https:\/\/corazonanimal.com.mx\/es_mx\/wp-json\/wp\/v2\/product"}],"about":[{"href":"https:\/\/corazonanimal.com.mx\/es_mx\/wp-json\/wp\/v2\/types\/product"}],"wp:featuredmedia":[{"embeddable":true,"href":"https:\/\/corazonanimal.com.mx\/es_mx\/wp-json\/wp\/v2\/media\/15225"}],"wp:attachment":[{"href":"https:\/\/corazonanimal.com.mx\/es_mx\/wp-json\/wp\/v2\/media?parent=16148"}],"wp:term":[{"taxonomy":"product_cat","embeddable":true,"href":"https:\/\/corazonanimal.com.mx\/es_mx\/wp-json\/wp\/v2\/product_cat?post=16148"},{"taxonomy":"product_tag","embeddable":true,"href":"https:\/\/corazonanimal.com.mx\/es_mx\/wp-json\/wp\/v2\/product_tag?post=16148"}],"curies":[{"name":"wp","href":"https:\/\/api.w.org\/{rel}","templated":true}]}}